{"id":873,"date":"2021-03-10T13:54:01","date_gmt":"2021-03-10T13:54:01","guid":{"rendered":"https:\/\/elc.identitaetsverstaerker.koeln\/?page_id=873"},"modified":"2024-11-25T13:59:17","modified_gmt":"2024-11-25T12:59:17","slug":"logistikzentrum-baden-wuerttemberg","status":"publish","type":"page","link":"https:\/\/schulz-in-bestform.com\/en\/erfolgsgeschichten\/logistikzentrum-baden-wuerttemberg\/","title":{"rendered":"Logistics center  \u2013 Baden-W\u00fcrttemberg"},"content":{"rendered":"<div data-elementor-type=\"wp-page\" data-elementor-id=\"873\" class=\"elementor elementor-873\" data-elementor-post-type=\"page\">\n\t\t\t\t\t\t<section class=\"elementor-section elementor-top-section elementor-element elementor-element-41b7907 elementor-section-height-min-height elementor-section-stretched elementor-section-boxed elementor-section-height-default elementor-section-items-middle\" data-id=\"41b7907\" data-element_type=\"section\" data-e-type=\"section\" data-settings=\"{&quot;stretch_section&quot;:&quot;section-stretched&quot;,&quot;background_background&quot;:&quot;classic&quot;}\">\n\t\t\t\t\t\t<div class=\"elementor-container elementor-column-gap-default\">\n\t\t\t\t\t<div class=\"elementor-column elementor-col-100 elementor-top-column elementor-element elementor-element-f96f635\" data-id=\"f96f635\" data-element_type=\"column\" data-e-type=\"column\">\n\t\t\t<div class=\"elementor-widget-wrap elementor-element-populated\">\n\t\t\t\t\t\t<div class=\"elementor-element elementor-element-0551dd0 elementor-widget elementor-widget-heading\" data-id=\"0551dd0\" data-element_type=\"widget\" data-e-type=\"widget\" data-widget_type=\"heading.default\">\n\t\t\t\t<div class=\"elementor-widget-container\">\n\t\t\t\t\t<h1 class=\"elementor-heading-title elementor-size-default\">Logistics center <br> Baden-W\u00fcrtemberg<\/h1>\t\t\t\t<\/div>\n\t\t\t\t<\/div>\n\t\t\t\t<div class=\"elementor-element elementor-element-354268b elementor-widget elementor-widget-spacer\" data-id=\"354268b\" data-element_type=\"widget\" data-e-type=\"widget\" data-widget_type=\"spacer.default\">\n\t\t\t\t<div class=\"elementor-widget-container\">\n\t\t\t\t\t\t\t<div class=\"elementor-spacer\">\n\t\t\t<div class=\"elementor-spacer-inner\"><\/div>\n\t\t<\/div>\n\t\t\t\t\t\t<\/div>\n\t\t\t\t<\/div>\n\t\t\t\t\t<\/div>\n\t\t<\/div>\n\t\t\t\t\t<\/div>\n\t\t<\/section>\n\t\t\t\t<section class=\"elementor-section elementor-top-section elementor-element elementor-element-4e754418 elementor-section-boxed elementor-section-height-default elementor-section-height-default\" data-id=\"4e754418\" data-element_type=\"section\" data-e-type=\"section\">\n\t\t\t\t\t\t<div class=\"elementor-container elementor-column-gap-default\">\n\t\t\t\t\t<div class=\"elementor-column elementor-col-50 elementor-top-column elementor-element elementor-element-7aa4594d\" data-id=\"7aa4594d\" data-element_type=\"column\" data-e-type=\"column\">\n\t\t\t<div class=\"elementor-widget-wrap elementor-element-populated\">\n\t\t\t\t\t\t<div class=\"elementor-element elementor-element-1fe5c0ee elementor-hidden-phone elementor-widget elementor-widget-image\" data-id=\"1fe5c0ee\" data-element_type=\"widget\" data-e-type=\"widget\" data-widget_type=\"image.default\">\n\t\t\t\t<div class=\"elementor-widget-container\">\n\t\t\t\t\t\t\t\t\t\t\t\t\t\t\t<img decoding=\"async\" src=\"https:\/\/schulz-in-bestform.com\/wp-content\/uploads\/2021\/04\/Gebaeudetechnik_in-Bestform-Schulz.svg\" title=\"Geb\u00e4udetechnik_in-Bestform-Schulz\" alt=\"Die Abbildung zeigt das Logo von Schulz - Geb\u00e4udetechnik in Bestform\" loading=\"lazy\" \/>\t\t\t\t\t\t\t\t\t\t\t\t\t\t\t<\/div>\n\t\t\t\t<\/div>\n\t\t\t\t\t<\/div>\n\t\t<\/div>\n\t\t\t\t<div class=\"elementor-column elementor-col-50 elementor-top-column elementor-element elementor-element-226aa2f0\" data-id=\"226aa2f0\" data-element_type=\"column\" data-e-type=\"column\">\n\t\t\t<div class=\"elementor-widget-wrap\">\n\t\t\t\t\t\t\t<\/div>\n\t\t<\/div>\n\t\t\t\t\t<\/div>\n\t\t<\/section>\n\t\t\t\t<section class=\"elementor-section elementor-top-section elementor-element elementor-element-e349783 elementor-section-stretched elementor-section-boxed elementor-section-height-default elementor-section-height-default\" data-id=\"e349783\" data-element_type=\"section\" data-e-type=\"section\" data-settings=\"{&quot;stretch_section&quot;:&quot;section-stretched&quot;}\">\n\t\t\t\t\t\t<div class=\"elementor-container elementor-column-gap-default\">\n\t\t\t\t\t<div class=\"elementor-column elementor-col-100 elementor-top-column elementor-element elementor-element-7c18b90\" data-id=\"7c18b90\" data-element_type=\"column\" data-e-type=\"column\">\n\t\t\t<div class=\"elementor-widget-wrap elementor-element-populated\">\n\t\t\t\t\t\t<section class=\"elementor-section elementor-inner-section elementor-element elementor-element-ff22256 elementor-section-full_width elementor-section-height-default elementor-section-height-default\" data-id=\"ff22256\" data-element_type=\"section\" data-e-type=\"section\">\n\t\t\t\t\t\t<div class=\"elementor-container elementor-column-gap-default\">\n\t\t\t\t\t<div class=\"elementor-column elementor-col-100 elementor-inner-column elementor-element elementor-element-9e517e6\" data-id=\"9e517e6\" data-element_type=\"column\" data-e-type=\"column\">\n\t\t\t<div class=\"elementor-widget-wrap elementor-element-populated\">\n\t\t\t\t\t\t<div class=\"elementor-element elementor-element-e69d490 elementor-widget elementor-widget-text-editor\" data-id=\"e69d490\" data-element_type=\"widget\" data-e-type=\"widget\" data-widget_type=\"text-editor.default\">\n\t\t\t\t<div class=\"elementor-widget-container\">\n\t\t\t\t\t\t\t\t\t<p><strong>The order<\/strong><\/p><p>Dismantle the entire lighting system on a total area of 55,000 m\u00b2 spread over a complex of three individual buildings, each with up to four building sections. Then install a new, highly customized and modern lighting system. Note that implementation plans must adapt to the constantly changing storage volumes.<\/p><p>\u00a0<\/p><p><strong>The first challenge <\/strong><\/p><p>A ceiling height of 25 meters in a high-bay warehouse is a certain challenge even for experienced colleagues. But not only them, but also the material reaches its limits. Appropriate working platforms are required, but depending on their capacity, these simply no longer fit through the gate of the delivery - quite trivially. And only 35 cm height difference between the storage areas is huge when you have to maneuver a 9-ton vehicle through the narrowest aisles full of activity.<\/p><p>\u00a0<\/p><p><strong>The solution<\/strong><\/p><p>Lowering the approach ramp sounds a little crazy at first - but at second glance it is the obvious solution if you don't want to dismantle the stage into its individual parts. Every millimeter of space gained can make all the difference. And with the ramp design developed by Schulz especially for this purpose, it was possible to overcome the height difference together with a special low-loader and get busy.<\/p><p>\u00a0<\/p><p><strong>The second challenge<\/strong><\/p><p>Flexibility in series: Adapt working times and trades to the daily changing conditions. And in doing so, take into account the extremely high operating activity of forklifts, electric ants and the relocation of large-volume inventories in the hall areas.<\/p><p><strong>\u00a0<\/strong><\/p><p><strong>The second solution<\/strong><\/p><p>The motto of our company founder \"Impossible things are done immediately, miracles take a while\" benefits everyone who has to constantly adapt to new situations. Thus, shifting the working hours to night and weekend in close coordination with the management is the means of the case.<\/p><p>And consultation with staff when their work areas are affected is a matter of course for sustainable project success.<\/p>\t\t\t\t\t\t\t\t<\/div>\n\t\t\t\t<\/div>\n\t\t\t\t\t<\/div>\n\t\t<\/div>\n\t\t\t\t\t<\/div>\n\t\t<\/section>\n\t\t\t\t\t<\/div>\n\t\t<\/div>\n\t\t\t\t\t<\/div>\n\t\t<\/section>\n\t\t\t\t<section class=\"elementor-section elementor-top-section elementor-element elementor-element-87a1776 elementor-section-full_width elementor-section-stretched elementor-hidden-tablet elementor-hidden-mobile elementor-section-height-default elementor-section-height-default\" data-id=\"87a1776\" data-element_type=\"section\" data-e-type=\"section\" data-settings=\"{&quot;stretch_section&quot;:&quot;section-stretched&quot;,&quot;background_background&quot;:&quot;video&quot;,&quot;background_video_link&quot;:&quot;https:\\\/\\\/schulz-in-bestform.com\\\/wp-content\\\/uploads\\\/2021\\\/04\\\/Logistikzentrum-Gebaeudetechnik_in_Bestform_Schulz.mp4&quot;}\">\n\t\t\t\t\t\t\t\t<div class=\"elementor-background-video-container elementor-hidden-mobile\">\n\t\t\t\t\t\t\t\t\t\t\t\t\t<video class=\"elementor-background-video-hosted\" role=\"presentation\" autoplay muted playsinline loop><\/video>\n\t\t\t\t\t\t\t\t\t\t\t<\/div>\n\t\t\t\t\t\t\t\t\t<div class=\"elementor-background-overlay\"><\/div>\n\t\t\t\t\t\t\t<div class=\"elementor-container elementor-column-gap-default\">\n\t\t\t\t\t<div class=\"elementor-column elementor-col-100 elementor-top-column elementor-element elementor-element-4103199\" data-id=\"4103199\" data-element_type=\"column\" data-e-type=\"column\">\n\t\t\t<div class=\"elementor-widget-wrap\">\n\t\t\t\t\t\t\t<\/div>\n\t\t<\/div>\n\t\t\t\t\t<\/div>\n\t\t<\/section>\n\t\t\t\t<section class=\"elementor-section elementor-top-section elementor-element elementor-element-1986077 elementor-hidden-desktop elementor-section-boxed elementor-section-height-default elementor-section-height-default\" data-id=\"1986077\" data-element_type=\"section\" data-e-type=\"section\" data-settings=\"{&quot;background_background&quot;:&quot;video&quot;,&quot;background_video_link&quot;:&quot;https:\\\/\\\/elc.identitaetsverstaerker.koeln\\\/wp-content\\\/uploads\\\/2021\\\/03\\\/Logoani_Schulz_Ton.mp4&quot;,&quot;background_play_on_mobile&quot;:&quot;yes&quot;}\">\n\t\t\t\t\t\t\t\t<div class=\"elementor-background-video-container\">\n\t\t\t\t\t\t\t\t\t\t\t\t\t<video class=\"elementor-background-video-hosted\" role=\"presentation\" autoplay muted playsinline loop><\/video>\n\t\t\t\t\t\t\t\t\t\t\t<\/div>\n\t\t\t\t\t\t\t\t<div class=\"elementor-container elementor-column-gap-default\">\n\t\t\t\t\t<div class=\"elementor-column elementor-col-100 elementor-top-column elementor-element elementor-element-a32818c\" data-id=\"a32818c\" data-element_type=\"column\" data-e-type=\"column\">\n\t\t\t<div class=\"elementor-widget-wrap\">\n\t\t\t\t\t\t\t<\/div>\n\t\t<\/div>\n\t\t\t\t\t<\/div>\n\t\t<\/section>\n\t\t\t\t<\/div>","protected":false},"excerpt":{"rendered":"<p>Logistikzentrum Baden-W\u00fcrtemberg Der Auftrag Demontieren Sie auf einer Gesamtfl\u00e4che von 55.000 m\u00b2, die sich auf einen Komplex aus drei einzelnen Geb\u00e4uden mit jeweils bis zu vier Geb\u00e4ude-Abschnitten verteilen, die komplette Beleuchtungsanlage. Installieren Sie danach eine neue, hochindividuelle und moderne Beleuchtungsanlage. Beachten Sie, dass sich Ausf\u00fchrungspl\u00e4ne den sich st\u00e4ndig wandelnden Lagervolumen anpassen m\u00fcssen. \u00a0 Die erste&hellip;<\/p>","protected":false},"author":2,"featured_media":0,"parent":865,"menu_order":0,"comment_status":"closed","ping_status":"closed","template":"","meta":{"inline_featured_image":false},"class_list":["post-873","page","type-page","status-publish","hentry","description-off"],"yoast_head":"<!-- This site is optimized with the Yoast SEO plugin v27.5 - https:\/\/yoast.com\/product\/yoast-seo-wordpress\/ -->\n<title>Logistikzentrum Baden Wuerttemberg - Schulz in Bestform<\/title>\n<meta name=\"robots\" content=\"index, follow, max-snippet:-1, max-image-preview:large, max-video-preview:-1\" \/>\n<link rel=\"canonical\" href=\"https:\/\/schulz-in-bestform.com\/en\/erfolgsgeschichten\/logistikzentrum-baden-wuerttemberg\/\" \/>\n<meta property=\"og:locale\" content=\"en_US\" \/>\n<meta property=\"og:type\" content=\"article\" \/>\n<meta property=\"og:title\" content=\"Logistikzentrum Baden Wuerttemberg - Schulz in Bestform\" \/>\n<meta property=\"og:description\" content=\"Logistikzentrum Baden-W\u00fcrtemberg Der Auftrag Demontieren Sie auf einer Gesamtfl\u00e4che von 55.000 m\u00b2, die sich auf einen Komplex aus drei einzelnen Geb\u00e4uden mit jeweils bis zu vier Geb\u00e4ude-Abschnitten verteilen, die komplette Beleuchtungsanlage. Installieren Sie danach eine neue, hochindividuelle und moderne Beleuchtungsanlage. Beachten Sie, dass sich Ausf\u00fchrungspl\u00e4ne den sich st\u00e4ndig wandelnden Lagervolumen anpassen m\u00fcssen. \u00a0 Die erste&hellip;\" \/>\n<meta property=\"og:url\" content=\"https:\/\/schulz-in-bestform.com\/en\/erfolgsgeschichten\/logistikzentrum-baden-wuerttemberg\/\" \/>\n<meta property=\"og:site_name\" content=\"ELC Schulz\" \/>\n<meta property=\"article:publisher\" content=\"https:\/\/www.facebook.com\/ELC.Schulz\" \/>\n<meta property=\"article:modified_time\" content=\"2024-11-25T12:59:17+00:00\" \/>\n<meta property=\"og:image\" content=\"https:\/\/schulz-in-bestform.com\/wp-content\/uploads\/2021\/04\/Gebaeudetechnik_in-Bestform-Schulz.svg\" \/>\n<meta name=\"twitter:card\" content=\"summary_large_image\" \/>\n<meta name=\"twitter:label1\" content=\"Est. reading time\" \/>\n\t<meta name=\"twitter:data1\" content=\"2 minutes\" \/>\n<script type=\"application\/ld+json\" class=\"yoast-schema-graph\">{\"@context\":\"https:\\\/\\\/schema.org\",\"@graph\":[{\"@type\":\"WebPage\",\"@id\":\"https:\\\/\\\/schulz-in-bestform.com\\\/erfolgsgeschichten\\\/logistikzentrum-baden-wuerttemberg\\\/\",\"url\":\"https:\\\/\\\/schulz-in-bestform.com\\\/erfolgsgeschichten\\\/logistikzentrum-baden-wuerttemberg\\\/\",\"name\":\"Logistikzentrum Baden Wuerttemberg - Schulz in Bestform\",\"isPartOf\":{\"@id\":\"https:\\\/\\\/schulz-in-bestform.com\\\/#website\"},\"primaryImageOfPage\":{\"@id\":\"https:\\\/\\\/schulz-in-bestform.com\\\/erfolgsgeschichten\\\/logistikzentrum-baden-wuerttemberg\\\/#primaryimage\"},\"image\":{\"@id\":\"https:\\\/\\\/schulz-in-bestform.com\\\/erfolgsgeschichten\\\/logistikzentrum-baden-wuerttemberg\\\/#primaryimage\"},\"thumbnailUrl\":\"https:\\\/\\\/schulz-in-bestform.com\\\/wp-content\\\/uploads\\\/2021\\\/04\\\/Gebaeudetechnik_in-Bestform-Schulz.svg\",\"datePublished\":\"2021-03-10T13:54:01+00:00\",\"dateModified\":\"2024-11-25T12:59:17+00:00\",\"breadcrumb\":{\"@id\":\"https:\\\/\\\/schulz-in-bestform.com\\\/erfolgsgeschichten\\\/logistikzentrum-baden-wuerttemberg\\\/#breadcrumb\"},\"inLanguage\":\"en-US\",\"potentialAction\":[{\"@type\":\"ReadAction\",\"target\":[\"https:\\\/\\\/schulz-in-bestform.com\\\/erfolgsgeschichten\\\/logistikzentrum-baden-wuerttemberg\\\/\"]}]},{\"@type\":\"ImageObject\",\"inLanguage\":\"en-US\",\"@id\":\"https:\\\/\\\/schulz-in-bestform.com\\\/erfolgsgeschichten\\\/logistikzentrum-baden-wuerttemberg\\\/#primaryimage\",\"url\":\"https:\\\/\\\/schulz-in-bestform.com\\\/wp-content\\\/uploads\\\/2021\\\/04\\\/Gebaeudetechnik_in-Bestform-Schulz.svg\",\"contentUrl\":\"https:\\\/\\\/schulz-in-bestform.com\\\/wp-content\\\/uploads\\\/2021\\\/04\\\/Gebaeudetechnik_in-Bestform-Schulz.svg\"},{\"@type\":\"BreadcrumbList\",\"@id\":\"https:\\\/\\\/schulz-in-bestform.com\\\/erfolgsgeschichten\\\/logistikzentrum-baden-wuerttemberg\\\/#breadcrumb\",\"itemListElement\":[{\"@type\":\"ListItem\",\"position\":1,\"name\":\"Home\",\"item\":\"https:\\\/\\\/schulz-in-bestform.com\\\/\"},{\"@type\":\"ListItem\",\"position\":2,\"name\":\"Erfolgsgeschichten\",\"item\":\"https:\\\/\\\/schulz-in-bestform.com\\\/erfolgsgeschichten\\\/\"},{\"@type\":\"ListItem\",\"position\":3,\"name\":\"Logistikzentrum \u2013 Baden-W\u00fcrttemberg\"}]},{\"@type\":\"WebSite\",\"@id\":\"https:\\\/\\\/schulz-in-bestform.com\\\/#website\",\"url\":\"https:\\\/\\\/schulz-in-bestform.com\\\/\",\"name\":\"ELC Schulz\",\"description\":\"\",\"publisher\":{\"@id\":\"https:\\\/\\\/schulz-in-bestform.com\\\/#organization\"},\"potentialAction\":[{\"@type\":\"SearchAction\",\"target\":{\"@type\":\"EntryPoint\",\"urlTemplate\":\"https:\\\/\\\/schulz-in-bestform.com\\\/?s={search_term_string}\"},\"query-input\":{\"@type\":\"PropertyValueSpecification\",\"valueRequired\":true,\"valueName\":\"search_term_string\"}}],\"inLanguage\":\"en-US\"},{\"@type\":\"Organization\",\"@id\":\"https:\\\/\\\/schulz-in-bestform.com\\\/#organization\",\"name\":\"ELC Schulz\",\"url\":\"https:\\\/\\\/schulz-in-bestform.com\\\/\",\"logo\":{\"@type\":\"ImageObject\",\"inLanguage\":\"en-US\",\"@id\":\"https:\\\/\\\/schulz-in-bestform.com\\\/#\\\/schema\\\/logo\\\/image\\\/\",\"url\":\"https:\\\/\\\/schulz-in-bestform.com\\\/wp-content\\\/uploads\\\/2021\\\/04\\\/Gebaeudetechnik_in_Bestform.svg\",\"contentUrl\":\"https:\\\/\\\/schulz-in-bestform.com\\\/wp-content\\\/uploads\\\/2021\\\/04\\\/Gebaeudetechnik_in_Bestform.svg\",\"width\":211,\"height\":46,\"caption\":\"ELC Schulz\"},\"image\":{\"@id\":\"https:\\\/\\\/schulz-in-bestform.com\\\/#\\\/schema\\\/logo\\\/image\\\/\"},\"sameAs\":[\"https:\\\/\\\/www.facebook.com\\\/ELC.Schulz\",\"https:\\\/\\\/www.instagram.com\\\/elcschulzgmbh\\\/\",\"https:\\\/\\\/www.linkedin.com\\\/company\\\/schulz-gebaeudetechnik\\\/\"]}]}<\/script>\n<!-- \/ Yoast SEO plugin. -->","yoast_head_json":{"title":"Logistikzentrum Baden Wuerttemberg - Schulz in Bestform","robots":{"index":"index","follow":"follow","max-snippet":"max-snippet:-1","max-image-preview":"max-image-preview:large","max-video-preview":"max-video-preview:-1"},"canonical":"https:\/\/schulz-in-bestform.com\/en\/erfolgsgeschichten\/logistikzentrum-baden-wuerttemberg\/","og_locale":"en_US","og_type":"article","og_title":"Logistikzentrum Baden Wuerttemberg - Schulz in Bestform","og_description":"Logistikzentrum Baden-W\u00fcrtemberg Der Auftrag Demontieren Sie auf einer Gesamtfl\u00e4che von 55.000 m\u00b2, die sich auf einen Komplex aus drei einzelnen Geb\u00e4uden mit jeweils bis zu vier Geb\u00e4ude-Abschnitten verteilen, die komplette Beleuchtungsanlage. Installieren Sie danach eine neue, hochindividuelle und moderne Beleuchtungsanlage. Beachten Sie, dass sich Ausf\u00fchrungspl\u00e4ne den sich st\u00e4ndig wandelnden Lagervolumen anpassen m\u00fcssen. \u00a0 Die erste&hellip;","og_url":"https:\/\/schulz-in-bestform.com\/en\/erfolgsgeschichten\/logistikzentrum-baden-wuerttemberg\/","og_site_name":"ELC Schulz","article_publisher":"https:\/\/www.facebook.com\/ELC.Schulz","article_modified_time":"2024-11-25T12:59:17+00:00","og_image":[{"url":"https:\/\/schulz-in-bestform.com\/wp-content\/uploads\/2021\/04\/Gebaeudetechnik_in-Bestform-Schulz.svg","type":"","width":"","height":""}],"twitter_card":"summary_large_image","twitter_misc":{"Est. reading time":"2 minutes"},"schema":{"@context":"https:\/\/schema.org","@graph":[{"@type":"WebPage","@id":"https:\/\/schulz-in-bestform.com\/erfolgsgeschichten\/logistikzentrum-baden-wuerttemberg\/","url":"https:\/\/schulz-in-bestform.com\/erfolgsgeschichten\/logistikzentrum-baden-wuerttemberg\/","name":"Logistikzentrum Baden Wuerttemberg - Schulz in Bestform","isPartOf":{"@id":"https:\/\/schulz-in-bestform.com\/#website"},"primaryImageOfPage":{"@id":"https:\/\/schulz-in-bestform.com\/erfolgsgeschichten\/logistikzentrum-baden-wuerttemberg\/#primaryimage"},"image":{"@id":"https:\/\/schulz-in-bestform.com\/erfolgsgeschichten\/logistikzentrum-baden-wuerttemberg\/#primaryimage"},"thumbnailUrl":"https:\/\/schulz-in-bestform.com\/wp-content\/uploads\/2021\/04\/Gebaeudetechnik_in-Bestform-Schulz.svg","datePublished":"2021-03-10T13:54:01+00:00","dateModified":"2024-11-25T12:59:17+00:00","breadcrumb":{"@id":"https:\/\/schulz-in-bestform.com\/erfolgsgeschichten\/logistikzentrum-baden-wuerttemberg\/#breadcrumb"},"inLanguage":"en-US","potentialAction":[{"@type":"ReadAction","target":["https:\/\/schulz-in-bestform.com\/erfolgsgeschichten\/logistikzentrum-baden-wuerttemberg\/"]}]},{"@type":"ImageObject","inLanguage":"en-US","@id":"https:\/\/schulz-in-bestform.com\/erfolgsgeschichten\/logistikzentrum-baden-wuerttemberg\/#primaryimage","url":"https:\/\/schulz-in-bestform.com\/wp-content\/uploads\/2021\/04\/Gebaeudetechnik_in-Bestform-Schulz.svg","contentUrl":"https:\/\/schulz-in-bestform.com\/wp-content\/uploads\/2021\/04\/Gebaeudetechnik_in-Bestform-Schulz.svg"},{"@type":"BreadcrumbList","@id":"https:\/\/schulz-in-bestform.com\/erfolgsgeschichten\/logistikzentrum-baden-wuerttemberg\/#breadcrumb","itemListElement":[{"@type":"ListItem","position":1,"name":"Home","item":"https:\/\/schulz-in-bestform.com\/"},{"@type":"ListItem","position":2,"name":"Erfolgsgeschichten","item":"https:\/\/schulz-in-bestform.com\/erfolgsgeschichten\/"},{"@type":"ListItem","position":3,"name":"Logistikzentrum \u2013 Baden-W\u00fcrttemberg"}]},{"@type":"WebSite","@id":"https:\/\/schulz-in-bestform.com\/#website","url":"https:\/\/schulz-in-bestform.com\/","name":"ELC Schulz","description":"","publisher":{"@id":"https:\/\/schulz-in-bestform.com\/#organization"},"potentialAction":[{"@type":"SearchAction","target":{"@type":"EntryPoint","urlTemplate":"https:\/\/schulz-in-bestform.com\/?s={search_term_string}"},"query-input":{"@type":"PropertyValueSpecification","valueRequired":true,"valueName":"search_term_string"}}],"inLanguage":"en-US"},{"@type":"Organization","@id":"https:\/\/schulz-in-bestform.com\/#organization","name":"ELC Schulz","url":"https:\/\/schulz-in-bestform.com\/","logo":{"@type":"ImageObject","inLanguage":"en-US","@id":"https:\/\/schulz-in-bestform.com\/#\/schema\/logo\/image\/","url":"https:\/\/schulz-in-bestform.com\/wp-content\/uploads\/2021\/04\/Gebaeudetechnik_in_Bestform.svg","contentUrl":"https:\/\/schulz-in-bestform.com\/wp-content\/uploads\/2021\/04\/Gebaeudetechnik_in_Bestform.svg","width":211,"height":46,"caption":"ELC Schulz"},"image":{"@id":"https:\/\/schulz-in-bestform.com\/#\/schema\/logo\/image\/"},"sameAs":["https:\/\/www.facebook.com\/ELC.Schulz","https:\/\/www.instagram.com\/elcschulzgmbh\/","https:\/\/www.linkedin.com\/company\/schulz-gebaeudetechnik\/"]}]}},"_links":{"self":[{"href":"https:\/\/schulz-in-bestform.com\/en\/wp-json\/wp\/v2\/pages\/873","targetHints":{"allow":["GET"]}}],"collection":[{"href":"https:\/\/schulz-in-bestform.com\/en\/wp-json\/wp\/v2\/pages"}],"about":[{"href":"https:\/\/schulz-in-bestform.com\/en\/wp-json\/wp\/v2\/types\/page"}],"author":[{"embeddable":true,"href":"https:\/\/schulz-in-bestform.com\/en\/wp-json\/wp\/v2\/users\/2"}],"replies":[{"embeddable":true,"href":"https:\/\/schulz-in-bestform.com\/en\/wp-json\/wp\/v2\/comments?post=873"}],"version-history":[{"count":0,"href":"https:\/\/schulz-in-bestform.com\/en\/wp-json\/wp\/v2\/pages\/873\/revisions"}],"up":[{"embeddable":true,"href":"https:\/\/schulz-in-bestform.com\/en\/wp-json\/wp\/v2\/pages\/865"}],"wp:attachment":[{"href":"https:\/\/schulz-in-bestform.com\/en\/wp-json\/wp\/v2\/media?parent=873"}],"curies":[{"name":"wp","href":"https:\/\/api.w.org\/{rel}","templated":true}]}}