{"id":847,"date":"2021-03-10T12:03:31","date_gmt":"2021-03-10T12:03:31","guid":{"rendered":"https:\/\/elc.identitaetsverstaerker.koeln\/?page_id=847"},"modified":"2024-11-25T13:14:37","modified_gmt":"2024-11-25T12:14:37","slug":"bodenbelagsarbeiten","status":"publish","type":"page","link":"https:\/\/schulz-in-bestform.com\/en\/bauleistungen\/bodenbelagsarbeiten\/","title":{"rendered":"Flooring works"},"content":{"rendered":"<div data-elementor-type=\"wp-page\" data-elementor-id=\"847\" class=\"elementor elementor-847\" data-elementor-post-type=\"page\">\n\t\t\t\t\t\t<section class=\"elementor-section elementor-top-section elementor-element elementor-element-bce2d8d elementor-section-height-min-height elementor-section-stretched elementor-section-boxed elementor-section-height-default elementor-section-items-middle\" data-id=\"bce2d8d\" data-element_type=\"section\" data-e-type=\"section\" data-settings=\"{&quot;stretch_section&quot;:&quot;section-stretched&quot;,&quot;background_background&quot;:&quot;classic&quot;}\">\n\t\t\t\t\t\t<div class=\"elementor-container elementor-column-gap-default\">\n\t\t\t\t\t<div class=\"elementor-column elementor-col-100 elementor-top-column elementor-element elementor-element-0280a9d\" data-id=\"0280a9d\" data-element_type=\"column\" data-e-type=\"column\">\n\t\t\t<div class=\"elementor-widget-wrap elementor-element-populated\">\n\t\t\t\t\t\t<div class=\"elementor-element elementor-element-c400435 elementor-hidden-phone elementor-widget elementor-widget-heading\" data-id=\"c400435\" data-element_type=\"widget\" data-e-type=\"widget\" data-widget_type=\"heading.default\">\n\t\t\t\t<div class=\"elementor-widget-container\">\n\t\t\t\t\t<h2 class=\"elementor-heading-title elementor-size-default\">Flooring works<\/h2>\t\t\t\t<\/div>\n\t\t\t\t<\/div>\n\t\t\t\t<div class=\"elementor-element elementor-element-df71f72 elementor-hidden-phone elementor-widget elementor-widget-heading\" data-id=\"df71f72\" data-element_type=\"widget\" data-e-type=\"widget\" data-widget_type=\"heading.default\">\n\t\t\t\t<div class=\"elementor-widget-container\">\n\t\t\t\t\t<h3 class=\"elementor-heading-title elementor-size-default\">Book at the top for at the bottom!<\/h3>\t\t\t\t<\/div>\n\t\t\t\t<\/div>\n\t\t\t\t<div class=\"elementor-element elementor-element-74f3c6b elementor-widget elementor-widget-spacer\" data-id=\"74f3c6b\" data-element_type=\"widget\" data-e-type=\"widget\" data-widget_type=\"spacer.default\">\n\t\t\t\t<div class=\"elementor-widget-container\">\n\t\t\t\t\t\t\t<div class=\"elementor-spacer\">\n\t\t\t<div class=\"elementor-spacer-inner\"><\/div>\n\t\t<\/div>\n\t\t\t\t\t\t<\/div>\n\t\t\t\t<\/div>\n\t\t\t\t\t<\/div>\n\t\t<\/div>\n\t\t\t\t\t<\/div>\n\t\t<\/section>\n\t\t\t\t<section class=\"elementor-section elementor-top-section elementor-element elementor-element-71a7b22d elementor-section-boxed elementor-section-height-default elementor-section-height-default\" data-id=\"71a7b22d\" data-element_type=\"section\" data-e-type=\"section\">\n\t\t\t\t\t\t<div class=\"elementor-container elementor-column-gap-default\">\n\t\t\t\t\t<div class=\"elementor-column elementor-col-50 elementor-top-column elementor-element elementor-element-39df4274\" data-id=\"39df4274\" data-element_type=\"column\" data-e-type=\"column\">\n\t\t\t<div class=\"elementor-widget-wrap elementor-element-populated\">\n\t\t\t\t\t\t<div class=\"elementor-element elementor-element-4790a6b5 elementor-hidden-phone elementor-widget elementor-widget-image\" data-id=\"4790a6b5\" data-element_type=\"widget\" data-e-type=\"widget\" data-widget_type=\"image.default\">\n\t\t\t\t<div class=\"elementor-widget-container\">\n\t\t\t\t\t\t\t\t\t\t\t\t\t\t\t<img decoding=\"async\" src=\"https:\/\/schulz-in-bestform.com\/wp-content\/uploads\/2021\/04\/Gebaeudetechnik_in-Bestform-Schulz.svg\" title=\"Geb\u00e4udetechnik_in-Bestform-Schulz\" alt=\"Die Abbildung zeigt das Logo von Schulz - Geb\u00e4udetechnik in Bestform\" loading=\"lazy\" \/>\t\t\t\t\t\t\t\t\t\t\t\t\t\t\t<\/div>\n\t\t\t\t<\/div>\n\t\t\t\t\t<\/div>\n\t\t<\/div>\n\t\t\t\t<div class=\"elementor-column elementor-col-50 elementor-top-column elementor-element elementor-element-6a748eba\" data-id=\"6a748eba\" data-element_type=\"column\" data-e-type=\"column\">\n\t\t\t<div class=\"elementor-widget-wrap\">\n\t\t\t\t\t\t\t<\/div>\n\t\t<\/div>\n\t\t\t\t\t<\/div>\n\t\t<\/section>\n\t\t\t\t<section class=\"elementor-section elementor-top-section elementor-element elementor-element-e349783 elementor-section-stretched elementor-section-boxed elementor-section-height-default elementor-section-height-default\" data-id=\"e349783\" data-element_type=\"section\" data-e-type=\"section\" data-settings=\"{&quot;stretch_section&quot;:&quot;section-stretched&quot;}\">\n\t\t\t\t\t\t<div class=\"elementor-container elementor-column-gap-default\">\n\t\t\t\t\t<div class=\"elementor-column elementor-col-50 elementor-top-column elementor-element elementor-element-7c18b90\" data-id=\"7c18b90\" data-element_type=\"column\" data-e-type=\"column\">\n\t\t\t<div class=\"elementor-widget-wrap elementor-element-populated\">\n\t\t\t\t\t\t<section class=\"elementor-section elementor-inner-section elementor-element elementor-element-ff22256 elementor-section-full_width elementor-section-height-default elementor-section-height-default\" data-id=\"ff22256\" data-element_type=\"section\" data-e-type=\"section\">\n\t\t\t\t\t\t<div class=\"elementor-container elementor-column-gap-default\">\n\t\t\t\t\t<div class=\"elementor-column elementor-col-100 elementor-inner-column elementor-element elementor-element-9e517e6\" data-id=\"9e517e6\" data-element_type=\"column\" data-e-type=\"column\">\n\t\t\t<div class=\"elementor-widget-wrap elementor-element-populated\">\n\t\t\t\t\t\t<div class=\"elementor-element elementor-element-fdef7d3 elementor-widget elementor-widget-heading\" data-id=\"fdef7d3\" data-element_type=\"widget\" data-e-type=\"widget\" data-widget_type=\"heading.default\">\n\t\t\t\t<div class=\"elementor-widget-container\">\n\t\t\t\t\t<h1 class=\"elementor-heading-title elementor-size-default\">We stay<br> on the floor<\/h1>\t\t\t\t<\/div>\n\t\t\t\t<\/div>\n\t\t\t\t<div class=\"elementor-element elementor-element-e69d490 elementor-widget elementor-widget-text-editor\" data-id=\"e69d490\" data-element_type=\"widget\" data-e-type=\"widget\" data-widget_type=\"text-editor.default\">\n\t\t\t\t<div class=\"elementor-widget-container\">\n\t\t\t\t\t\t\t\t\t<p>Floors are subject to heavy wear and tear in everyday use. This applies in particular to intensively used rooms such as the hallway, the kitchen or the office, but especially to commercially used areas with high foot traffic - for example, warehouses and workshops. A good floor covering must be industrial flooring made of PVC (polyvinyl chloride) is extremely hard-wearing, highly resilient and also scores points with low maintenance requirements and a wide range of possible uses, whether in residential or commercial premises.<\/p><p>Benefit from our many years of experience and in-depth expertise in various sanding techniques and applications of floor coverings - from professional removal of the old floor covering, carrying out the necessary preparatory work and laying the new floor, to the final leveling work. <span class=\"TextRun SCXP81622756 BCX0\" lang=\"DE-DE\" xml:lang=\"DE-DE\" data-usefontface=\"true\" data-contrast=\"none\"><span class=\"NormalTextRun SCXP81622756 BCX0\">Not at the end, but before laying.<\/span><\/span><span class=\"EOP SCXP81622756 BCX0\">\u200b<\/span> It goes without saying that we take into account the respective conditions on site for every project, so that, for example, a modification during ongoing operation is also possible. To ensure the best possible results, we also maintain close contact with experts and manufacturers and regularly train our entire team. In this way, our employees are always up to date with the latest technology.<\/p>\t\t\t\t\t\t\t\t<\/div>\n\t\t\t\t<\/div>\n\t\t\t\t\t<\/div>\n\t\t<\/div>\n\t\t\t\t\t<\/div>\n\t\t<\/section>\n\t\t\t\t\t<\/div>\n\t\t<\/div>\n\t\t\t\t<div class=\"elementor-column elementor-col-50 elementor-top-column elementor-element elementor-element-a0db588\" data-id=\"a0db588\" data-element_type=\"column\" data-e-type=\"column\">\n\t\t\t<div class=\"elementor-widget-wrap elementor-element-populated\">\n\t\t\t\t\t\t<div class=\"elementor-element elementor-element-5e70c70 elementor-widget elementor-widget-image\" data-id=\"5e70c70\" data-element_type=\"widget\" data-e-type=\"widget\" data-widget_type=\"image.default\">\n\t\t\t\t<div class=\"elementor-widget-container\">\n\t\t\t\t\t\t\t\t\t\t\t\t\t\t\t<img fetchpriority=\"high\" decoding=\"async\" width=\"1024\" height=\"805\" src=\"https:\/\/schulz-in-bestform.com\/wp-content\/uploads\/2021\/04\/Lichttechnik_ELC_Schulz-1024x805.jpg\" class=\"attachment-large size-large wp-image-3301\" alt=\"Die Abbildung zeigt Bodenbelag-Leistungen von Schulz - Licht- &amp; Elektrotechnik in Bestform\" srcset=\"https:\/\/schulz-in-bestform.com\/wp-content\/uploads\/2021\/04\/Lichttechnik_ELC_Schulz-1024x805.jpg 1024w, https:\/\/schulz-in-bestform.com\/wp-content\/uploads\/2021\/04\/Lichttechnik_ELC_Schulz-300x236.jpg 300w, https:\/\/schulz-in-bestform.com\/wp-content\/uploads\/2021\/04\/Lichttechnik_ELC_Schulz-768x604.jpg 768w, https:\/\/schulz-in-bestform.com\/wp-content\/uploads\/2021\/04\/Lichttechnik_ELC_Schulz.jpg 1122w\" sizes=\"(max-width: 1024px) 100vw, 1024px\" \/>\t\t\t\t\t\t\t\t\t\t\t\t\t\t\t<\/div>\n\t\t\t\t<\/div>\n\t\t\t\t\t<\/div>\n\t\t<\/div>\n\t\t\t\t\t<\/div>\n\t\t<\/section>\n\t\t\t\t<section class=\"elementor-section elementor-top-section elementor-element elementor-element-12bac498 elementor-section-full_width elementor-section-stretched elementor-section-height-default elementor-section-height-default\" data-id=\"12bac498\" data-element_type=\"section\" data-e-type=\"section\" data-settings=\"{&quot;stretch_section&quot;:&quot;section-stretched&quot;,&quot;background_background&quot;:&quot;classic&quot;}\">\n\t\t\t\t\t\t<div class=\"elementor-container elementor-column-gap-default\">\n\t\t\t\t\t<div class=\"elementor-column elementor-col-100 elementor-top-column elementor-element elementor-element-77018c89\" data-id=\"77018c89\" data-element_type=\"column\" data-e-type=\"column\">\n\t\t\t<div class=\"elementor-widget-wrap elementor-element-populated\">\n\t\t\t\t\t\t<div class=\"elementor-element elementor-element-451337b elementor-widget elementor-widget-image\" data-id=\"451337b\" data-element_type=\"widget\" data-e-type=\"widget\" data-widget_type=\"image.default\">\n\t\t\t\t<div class=\"elementor-widget-container\">\n\t\t\t\t\t\t\t\t\t\t\t\t\t\t\t<img decoding=\"async\" width=\"1024\" height=\"1024\" src=\"https:\/\/schulz-in-bestform.com\/wp-content\/uploads\/2021\/04\/Herz.svg\" class=\"attachment-large size-large wp-image-3262\" alt=\"Die Abbildung zeigt das abgewandelte Logo von Schulz in Herzform - Geb\u00e4udetechnik in Bestform\" \/>\t\t\t\t\t\t\t\t\t\t\t\t\t\t\t<\/div>\n\t\t\t\t<\/div>\n\t\t\t\t<section class=\"elementor-section elementor-inner-section elementor-element elementor-element-6d68281b elementor-section-full_width elementor-section-height-default elementor-section-height-default\" data-id=\"6d68281b\" data-element_type=\"section\" data-e-type=\"section\">\n\t\t\t\t\t\t<div class=\"elementor-container elementor-column-gap-default\">\n\t\t\t\t\t<div class=\"elementor-column elementor-col-100 elementor-inner-column elementor-element elementor-element-2dfa1949\" data-id=\"2dfa1949\" data-element_type=\"column\" data-e-type=\"column\">\n\t\t\t<div class=\"elementor-widget-wrap elementor-element-populated\">\n\t\t\t\t\t\t<div class=\"elementor-element elementor-element-58966db8 elementor-widget elementor-widget-heading\" data-id=\"58966db8\" data-element_type=\"widget\" data-e-type=\"widget\" data-widget_type=\"heading.default\">\n\t\t\t\t<div class=\"elementor-widget-container\">\n\t\t\t\t\t<h2 class=\"elementor-heading-title elementor-size-default\">Enlighten us\nwith your message!\n<\/h2>\t\t\t\t<\/div>\n\t\t\t\t<\/div>\n\t\t\t\t<div class=\"elementor-element elementor-element-779ac11b elementor-align-center elementor-widget elementor-widget-button\" data-id=\"779ac11b\" data-element_type=\"widget\" data-e-type=\"widget\" data-widget_type=\"button.default\">\n\t\t\t\t<div class=\"elementor-widget-container\">\n\t\t\t\t\t\t\t\t\t<div class=\"elementor-button-wrapper\">\n\t\t\t\t\t<a class=\"elementor-button elementor-button-link elementor-size-sm\" href=\"http:\/\/schulz-in-bestform.com\/en\/kontakt\/#Kontaktformular\">\n\t\t\t\t\t\t<span class=\"elementor-button-content-wrapper\">\n\t\t\t\t\t\t\t\t\t<span class=\"elementor-button-text\">Contact form<\/span>\n\t\t\t\t\t<\/span>\n\t\t\t\t\t<\/a>\n\t\t\t\t<\/div>\n\t\t\t\t\t\t\t\t<\/div>\n\t\t\t\t<\/div>\n\t\t\t\t\t<\/div>\n\t\t<\/div>\n\t\t\t\t\t<\/div>\n\t\t<\/section>\n\t\t\t\t\t<\/div>\n\t\t<\/div>\n\t\t\t\t\t<\/div>\n\t\t<\/section>\n\t\t\t\t<\/div>","protected":false},"excerpt":{"rendered":"<p>Bodenbelagsarbeiten Buchen Sie ganz oben f\u00fcr ganz unten! Wir bleiben auf dem Boden Fu\u00dfb\u00f6den werden im Alltag teilweise stark beansprucht. Das gilt insbesondere f\u00fcr intensiv genutzte R\u00e4ume wie den Flur, die K\u00fcche oder das B\u00fcro, besonders aber f\u00fcr gewerblich genutzte Fl\u00e4chen mit hohem Publikumsverkehr &#8211; beispielsweise Lagerhallen und Werkst\u00e4tten. Ein guter Bodenbelag muss Industrieb\u00f6den aus&hellip;<\/p>","protected":false},"author":2,"featured_media":0,"parent":257,"menu_order":0,"comment_status":"closed","ping_status":"closed","template":"","meta":{"inline_featured_image":false},"class_list":["post-847","page","type-page","status-publish","hentry","description-off"],"yoast_head":"<!-- This site is optimized with the Yoast SEO plugin v27.4 - https:\/\/yoast.com\/product\/yoast-seo-wordpress\/ -->\n<title>Bodenbelagersarbeit - Schulz in Bestform<\/title>\n<meta name=\"description\" content=\"Bodenbelagsarbeiten von Schulz \u2013 Geb\u00e4udetechnik in Bestform, dem familiengef\u00fchrten Handwerksbetrieb aus Dortmund mit dynamischer Unternehmensentwicklung.\" \/>\n<meta name=\"robots\" content=\"index, follow, max-snippet:-1, max-image-preview:large, max-video-preview:-1\" \/>\n<link rel=\"canonical\" href=\"https:\/\/schulz-in-bestform.com\/en\/bauleistungen\/bodenbelagsarbeiten\/\" \/>\n<meta property=\"og:locale\" content=\"en_US\" \/>\n<meta property=\"og:type\" content=\"article\" \/>\n<meta property=\"og:title\" content=\"Bodenbelagersarbeit - Schulz in Bestform\" \/>\n<meta property=\"og:description\" content=\"Bodenbelagsarbeiten von Schulz \u2013 Geb\u00e4udetechnik in Bestform, dem familiengef\u00fchrten Handwerksbetrieb aus Dortmund mit dynamischer Unternehmensentwicklung.\" \/>\n<meta property=\"og:url\" content=\"https:\/\/schulz-in-bestform.com\/en\/bauleistungen\/bodenbelagsarbeiten\/\" \/>\n<meta property=\"og:site_name\" content=\"ELC Schulz\" \/>\n<meta property=\"article:publisher\" content=\"https:\/\/www.facebook.com\/ELC.Schulz\" \/>\n<meta property=\"article:modified_time\" content=\"2024-11-25T12:14:37+00:00\" \/>\n<meta property=\"og:image\" content=\"https:\/\/schulz-in-bestform.com\/wp-content\/uploads\/2021\/04\/Gebaeudetechnik_in-Bestform-Schulz.svg\" \/>\n<meta name=\"twitter:card\" content=\"summary_large_image\" \/>\n<meta name=\"twitter:label1\" content=\"Est. reading time\" \/>\n\t<meta name=\"twitter:data1\" content=\"2 minutes\" \/>\n<script type=\"application\/ld+json\" class=\"yoast-schema-graph\">{\"@context\":\"https:\\\/\\\/schema.org\",\"@graph\":[{\"@type\":\"WebPage\",\"@id\":\"https:\\\/\\\/schulz-in-bestform.com\\\/bauleistungen\\\/bodenbelagsarbeiten\\\/\",\"url\":\"https:\\\/\\\/schulz-in-bestform.com\\\/bauleistungen\\\/bodenbelagsarbeiten\\\/\",\"name\":\"Bodenbelagersarbeit - Schulz in Bestform\",\"isPartOf\":{\"@id\":\"https:\\\/\\\/schulz-in-bestform.com\\\/#website\"},\"primaryImageOfPage\":{\"@id\":\"https:\\\/\\\/schulz-in-bestform.com\\\/bauleistungen\\\/bodenbelagsarbeiten\\\/#primaryimage\"},\"image\":{\"@id\":\"https:\\\/\\\/schulz-in-bestform.com\\\/bauleistungen\\\/bodenbelagsarbeiten\\\/#primaryimage\"},\"thumbnailUrl\":\"https:\\\/\\\/schulz-in-bestform.com\\\/wp-content\\\/uploads\\\/2021\\\/04\\\/Gebaeudetechnik_in-Bestform-Schulz.svg\",\"datePublished\":\"2021-03-10T12:03:31+00:00\",\"dateModified\":\"2024-11-25T12:14:37+00:00\",\"description\":\"Bodenbelagsarbeiten von Schulz \u2013 Geb\u00e4udetechnik in Bestform, dem familiengef\u00fchrten Handwerksbetrieb aus Dortmund mit dynamischer Unternehmensentwicklung.\",\"breadcrumb\":{\"@id\":\"https:\\\/\\\/schulz-in-bestform.com\\\/bauleistungen\\\/bodenbelagsarbeiten\\\/#breadcrumb\"},\"inLanguage\":\"en-US\",\"potentialAction\":[{\"@type\":\"ReadAction\",\"target\":[\"https:\\\/\\\/schulz-in-bestform.com\\\/bauleistungen\\\/bodenbelagsarbeiten\\\/\"]}]},{\"@type\":\"ImageObject\",\"inLanguage\":\"en-US\",\"@id\":\"https:\\\/\\\/schulz-in-bestform.com\\\/bauleistungen\\\/bodenbelagsarbeiten\\\/#primaryimage\",\"url\":\"https:\\\/\\\/schulz-in-bestform.com\\\/wp-content\\\/uploads\\\/2021\\\/04\\\/Gebaeudetechnik_in-Bestform-Schulz.svg\",\"contentUrl\":\"https:\\\/\\\/schulz-in-bestform.com\\\/wp-content\\\/uploads\\\/2021\\\/04\\\/Gebaeudetechnik_in-Bestform-Schulz.svg\"},{\"@type\":\"BreadcrumbList\",\"@id\":\"https:\\\/\\\/schulz-in-bestform.com\\\/bauleistungen\\\/bodenbelagsarbeiten\\\/#breadcrumb\",\"itemListElement\":[{\"@type\":\"ListItem\",\"position\":1,\"name\":\"Home\",\"item\":\"https:\\\/\\\/schulz-in-bestform.com\\\/\"},{\"@type\":\"ListItem\",\"position\":2,\"name\":\"Bauleistungen\",\"item\":\"https:\\\/\\\/schulz-in-bestform.com\\\/bauleistungen\\\/\"},{\"@type\":\"ListItem\",\"position\":3,\"name\":\"Bodenbelagsarbeiten\"}]},{\"@type\":\"WebSite\",\"@id\":\"https:\\\/\\\/schulz-in-bestform.com\\\/#website\",\"url\":\"https:\\\/\\\/schulz-in-bestform.com\\\/\",\"name\":\"ELC Schulz\",\"description\":\"\",\"publisher\":{\"@id\":\"https:\\\/\\\/schulz-in-bestform.com\\\/#organization\"},\"potentialAction\":[{\"@type\":\"SearchAction\",\"target\":{\"@type\":\"EntryPoint\",\"urlTemplate\":\"https:\\\/\\\/schulz-in-bestform.com\\\/?s={search_term_string}\"},\"query-input\":{\"@type\":\"PropertyValueSpecification\",\"valueRequired\":true,\"valueName\":\"search_term_string\"}}],\"inLanguage\":\"en-US\"},{\"@type\":\"Organization\",\"@id\":\"https:\\\/\\\/schulz-in-bestform.com\\\/#organization\",\"name\":\"ELC Schulz\",\"url\":\"https:\\\/\\\/schulz-in-bestform.com\\\/\",\"logo\":{\"@type\":\"ImageObject\",\"inLanguage\":\"en-US\",\"@id\":\"https:\\\/\\\/schulz-in-bestform.com\\\/#\\\/schema\\\/logo\\\/image\\\/\",\"url\":\"https:\\\/\\\/schulz-in-bestform.com\\\/wp-content\\\/uploads\\\/2021\\\/04\\\/Gebaeudetechnik_in_Bestform.svg\",\"contentUrl\":\"https:\\\/\\\/schulz-in-bestform.com\\\/wp-content\\\/uploads\\\/2021\\\/04\\\/Gebaeudetechnik_in_Bestform.svg\",\"width\":211,\"height\":46,\"caption\":\"ELC Schulz\"},\"image\":{\"@id\":\"https:\\\/\\\/schulz-in-bestform.com\\\/#\\\/schema\\\/logo\\\/image\\\/\"},\"sameAs\":[\"https:\\\/\\\/www.facebook.com\\\/ELC.Schulz\",\"https:\\\/\\\/www.instagram.com\\\/elcschulzgmbh\\\/\",\"https:\\\/\\\/www.linkedin.com\\\/company\\\/schulz-gebaeudetechnik\\\/\"]}]}<\/script>\n<!-- \/ Yoast SEO plugin. -->","yoast_head_json":{"title":"Bodenbelagersarbeit - Schulz in Bestform","description":"Bodenbelagsarbeiten von Schulz \u2013 Geb\u00e4udetechnik in Bestform, dem familiengef\u00fchrten Handwerksbetrieb aus Dortmund mit dynamischer Unternehmensentwicklung.","robots":{"index":"index","follow":"follow","max-snippet":"max-snippet:-1","max-image-preview":"max-image-preview:large","max-video-preview":"max-video-preview:-1"},"canonical":"https:\/\/schulz-in-bestform.com\/en\/bauleistungen\/bodenbelagsarbeiten\/","og_locale":"en_US","og_type":"article","og_title":"Bodenbelagersarbeit - Schulz in Bestform","og_description":"Bodenbelagsarbeiten von Schulz \u2013 Geb\u00e4udetechnik in Bestform, dem familiengef\u00fchrten Handwerksbetrieb aus Dortmund mit dynamischer Unternehmensentwicklung.","og_url":"https:\/\/schulz-in-bestform.com\/en\/bauleistungen\/bodenbelagsarbeiten\/","og_site_name":"ELC Schulz","article_publisher":"https:\/\/www.facebook.com\/ELC.Schulz","article_modified_time":"2024-11-25T12:14:37+00:00","og_image":[{"url":"https:\/\/schulz-in-bestform.com\/wp-content\/uploads\/2021\/04\/Gebaeudetechnik_in-Bestform-Schulz.svg","type":"","width":"","height":""}],"twitter_card":"summary_large_image","twitter_misc":{"Est. reading time":"2 minutes"},"schema":{"@context":"https:\/\/schema.org","@graph":[{"@type":"WebPage","@id":"https:\/\/schulz-in-bestform.com\/bauleistungen\/bodenbelagsarbeiten\/","url":"https:\/\/schulz-in-bestform.com\/bauleistungen\/bodenbelagsarbeiten\/","name":"Bodenbelagersarbeit - Schulz in Bestform","isPartOf":{"@id":"https:\/\/schulz-in-bestform.com\/#website"},"primaryImageOfPage":{"@id":"https:\/\/schulz-in-bestform.com\/bauleistungen\/bodenbelagsarbeiten\/#primaryimage"},"image":{"@id":"https:\/\/schulz-in-bestform.com\/bauleistungen\/bodenbelagsarbeiten\/#primaryimage"},"thumbnailUrl":"https:\/\/schulz-in-bestform.com\/wp-content\/uploads\/2021\/04\/Gebaeudetechnik_in-Bestform-Schulz.svg","datePublished":"2021-03-10T12:03:31+00:00","dateModified":"2024-11-25T12:14:37+00:00","description":"Bodenbelagsarbeiten von Schulz \u2013 Geb\u00e4udetechnik in Bestform, dem familiengef\u00fchrten Handwerksbetrieb aus Dortmund mit dynamischer Unternehmensentwicklung.","breadcrumb":{"@id":"https:\/\/schulz-in-bestform.com\/bauleistungen\/bodenbelagsarbeiten\/#breadcrumb"},"inLanguage":"en-US","potentialAction":[{"@type":"ReadAction","target":["https:\/\/schulz-in-bestform.com\/bauleistungen\/bodenbelagsarbeiten\/"]}]},{"@type":"ImageObject","inLanguage":"en-US","@id":"https:\/\/schulz-in-bestform.com\/bauleistungen\/bodenbelagsarbeiten\/#primaryimage","url":"https:\/\/schulz-in-bestform.com\/wp-content\/uploads\/2021\/04\/Gebaeudetechnik_in-Bestform-Schulz.svg","contentUrl":"https:\/\/schulz-in-bestform.com\/wp-content\/uploads\/2021\/04\/Gebaeudetechnik_in-Bestform-Schulz.svg"},{"@type":"BreadcrumbList","@id":"https:\/\/schulz-in-bestform.com\/bauleistungen\/bodenbelagsarbeiten\/#breadcrumb","itemListElement":[{"@type":"ListItem","position":1,"name":"Home","item":"https:\/\/schulz-in-bestform.com\/"},{"@type":"ListItem","position":2,"name":"Bauleistungen","item":"https:\/\/schulz-in-bestform.com\/bauleistungen\/"},{"@type":"ListItem","position":3,"name":"Bodenbelagsarbeiten"}]},{"@type":"WebSite","@id":"https:\/\/schulz-in-bestform.com\/#website","url":"https:\/\/schulz-in-bestform.com\/","name":"ELC Schulz","description":"","publisher":{"@id":"https:\/\/schulz-in-bestform.com\/#organization"},"potentialAction":[{"@type":"SearchAction","target":{"@type":"EntryPoint","urlTemplate":"https:\/\/schulz-in-bestform.com\/?s={search_term_string}"},"query-input":{"@type":"PropertyValueSpecification","valueRequired":true,"valueName":"search_term_string"}}],"inLanguage":"en-US"},{"@type":"Organization","@id":"https:\/\/schulz-in-bestform.com\/#organization","name":"ELC Schulz","url":"https:\/\/schulz-in-bestform.com\/","logo":{"@type":"ImageObject","inLanguage":"en-US","@id":"https:\/\/schulz-in-bestform.com\/#\/schema\/logo\/image\/","url":"https:\/\/schulz-in-bestform.com\/wp-content\/uploads\/2021\/04\/Gebaeudetechnik_in_Bestform.svg","contentUrl":"https:\/\/schulz-in-bestform.com\/wp-content\/uploads\/2021\/04\/Gebaeudetechnik_in_Bestform.svg","width":211,"height":46,"caption":"ELC Schulz"},"image":{"@id":"https:\/\/schulz-in-bestform.com\/#\/schema\/logo\/image\/"},"sameAs":["https:\/\/www.facebook.com\/ELC.Schulz","https:\/\/www.instagram.com\/elcschulzgmbh\/","https:\/\/www.linkedin.com\/company\/schulz-gebaeudetechnik\/"]}]}},"_links":{"self":[{"href":"https:\/\/schulz-in-bestform.com\/en\/wp-json\/wp\/v2\/pages\/847","targetHints":{"allow":["GET"]}}],"collection":[{"href":"https:\/\/schulz-in-bestform.com\/en\/wp-json\/wp\/v2\/pages"}],"about":[{"href":"https:\/\/schulz-in-bestform.com\/en\/wp-json\/wp\/v2\/types\/page"}],"author":[{"embeddable":true,"href":"https:\/\/schulz-in-bestform.com\/en\/wp-json\/wp\/v2\/users\/2"}],"replies":[{"embeddable":true,"href":"https:\/\/schulz-in-bestform.com\/en\/wp-json\/wp\/v2\/comments?post=847"}],"version-history":[{"count":0,"href":"https:\/\/schulz-in-bestform.com\/en\/wp-json\/wp\/v2\/pages\/847\/revisions"}],"up":[{"embeddable":true,"href":"https:\/\/schulz-in-bestform.com\/en\/wp-json\/wp\/v2\/pages\/257"}],"wp:attachment":[{"href":"https:\/\/schulz-in-bestform.com\/en\/wp-json\/wp\/v2\/media?parent=847"}],"curies":[{"name":"wp","href":"https:\/\/api.w.org\/{rel}","templated":true}]}}