{"id":828,"date":"2021-03-10T11:45:58","date_gmt":"2021-03-10T11:45:58","guid":{"rendered":"https:\/\/elc.identitaetsverstaerker.koeln\/?page_id=828"},"modified":"2024-11-25T11:26:59","modified_gmt":"2024-11-25T10:26:59","slug":"karriere","status":"publish","type":"page","link":"https:\/\/schulz-in-bestform.com\/en\/karriere\/","title":{"rendered":"Career"},"content":{"rendered":"<div data-elementor-type=\"wp-page\" data-elementor-id=\"828\" class=\"elementor elementor-828\" data-elementor-post-type=\"page\">\n\t\t\t\t\t\t<section class=\"elementor-section elementor-top-section elementor-element elementor-element-74f15ca elementor-section-height-min-height elementor-section-stretched elementor-section-boxed elementor-section-height-default elementor-section-items-middle\" data-id=\"74f15ca\" data-element_type=\"section\" data-e-type=\"section\" data-settings=\"{&quot;stretch_section&quot;:&quot;section-stretched&quot;,&quot;background_background&quot;:&quot;classic&quot;}\">\n\t\t\t\t\t\t<div class=\"elementor-container elementor-column-gap-default\">\n\t\t\t\t\t<div class=\"elementor-column elementor-col-100 elementor-top-column elementor-element elementor-element-67b5119\" data-id=\"67b5119\" data-element_type=\"column\" data-e-type=\"column\">\n\t\t\t<div class=\"elementor-widget-wrap elementor-element-populated\">\n\t\t\t\t\t\t<div class=\"elementor-element elementor-element-0dda243 elementor-hidden-phone elementor-widget elementor-widget-heading\" data-id=\"0dda243\" data-element_type=\"widget\" data-e-type=\"widget\" data-widget_type=\"heading.default\">\n\t\t\t\t<div class=\"elementor-widget-container\">\n\t\t\t\t\t<h2 class=\"elementor-heading-title elementor-size-default\">CAREER<\/h2>\t\t\t\t<\/div>\n\t\t\t\t<\/div>\n\t\t\t\t<div class=\"elementor-element elementor-element-d006188 elementor-hidden-phone elementor-widget elementor-widget-heading\" data-id=\"d006188\" data-element_type=\"widget\" data-e-type=\"widget\" data-widget_type=\"heading.default\">\n\t\t\t\t<div class=\"elementor-widget-container\">\n\t\t\t\t\t<h3 class=\"elementor-heading-title elementor-size-default\">Create your future.<\/h3>\t\t\t\t<\/div>\n\t\t\t\t<\/div>\n\t\t\t\t<div class=\"elementor-element elementor-element-26777b5 elementor-hidden-phone elementor-widget elementor-widget-button\" data-id=\"26777b5\" data-element_type=\"widget\" data-e-type=\"widget\" data-widget_type=\"button.default\">\n\t\t\t\t<div class=\"elementor-widget-container\">\n\t\t\t\t\t\t\t\t\t<div class=\"elementor-button-wrapper\">\n\t\t\t\t\t<a class=\"elementor-button elementor-button-link elementor-size-sm\" href=\"#elementor-action%3Aaction%3Dpopup%3Aopen%26settings%3DeyJpZCI6IjQxODkiLCJ0b2dnbGUiOmZhbHNlfQ%3D%3D\" target=\"_blank\">\n\t\t\t\t\t\t<span class=\"elementor-button-content-wrapper\">\n\t\t\t\t\t\t\t\t\t<span class=\"elementor-button-text\">Apply now<\/span>\n\t\t\t\t\t<\/span>\n\t\t\t\t\t<\/a>\n\t\t\t\t<\/div>\n\t\t\t\t\t\t\t\t<\/div>\n\t\t\t\t<\/div>\n\t\t\t\t<div class=\"elementor-element elementor-element-2dc6748 elementor-widget elementor-widget-spacer\" data-id=\"2dc6748\" data-element_type=\"widget\" data-e-type=\"widget\" data-widget_type=\"spacer.default\">\n\t\t\t\t<div class=\"elementor-widget-container\">\n\t\t\t\t\t\t\t<div class=\"elementor-spacer\">\n\t\t\t<div class=\"elementor-spacer-inner\"><\/div>\n\t\t<\/div>\n\t\t\t\t\t\t<\/div>\n\t\t\t\t<\/div>\n\t\t\t\t\t<\/div>\n\t\t<\/div>\n\t\t\t\t\t<\/div>\n\t\t<\/section>\n\t\t\t\t<section class=\"elementor-section elementor-top-section elementor-element elementor-element-24764c57 elementor-section-boxed elementor-section-height-default elementor-section-height-default\" data-id=\"24764c57\" data-element_type=\"section\" data-e-type=\"section\">\n\t\t\t\t\t\t<div class=\"elementor-container elementor-column-gap-default\">\n\t\t\t\t\t<div class=\"elementor-column elementor-col-50 elementor-top-column elementor-element elementor-element-36cd9aab\" data-id=\"36cd9aab\" data-element_type=\"column\" data-e-type=\"column\">\n\t\t\t<div class=\"elementor-widget-wrap elementor-element-populated\">\n\t\t\t\t\t\t<div class=\"elementor-element elementor-element-fa125e8 elementor-widget elementor-widget-image\" data-id=\"fa125e8\" data-element_type=\"widget\" data-e-type=\"widget\" data-widget_type=\"image.default\">\n\t\t\t\t<div class=\"elementor-widget-container\">\n\t\t\t\t\t\t\t\t\t\t\t\t\t\t\t<img fetchpriority=\"high\" decoding=\"async\" width=\"1024\" height=\"1024\" src=\"https:\/\/schulz-in-bestform.com\/wp-content\/uploads\/2021\/04\/Gebaeudetechnik_in-Bestform-Schulz.svg\" class=\"attachment-large size-large wp-image-3274\" alt=\"Die Abbildung zeigt das Logo von Schulz - Geb\u00e4udetechnik in Bestform\" \/>\t\t\t\t\t\t\t\t\t\t\t\t\t\t\t<\/div>\n\t\t\t\t<\/div>\n\t\t\t\t\t<\/div>\n\t\t<\/div>\n\t\t\t\t<div class=\"elementor-column elementor-col-50 elementor-top-column elementor-element elementor-element-17f91b99\" data-id=\"17f91b99\" data-element_type=\"column\" data-e-type=\"column\">\n\t\t\t<div class=\"elementor-widget-wrap\">\n\t\t\t\t\t\t\t<\/div>\n\t\t<\/div>\n\t\t\t\t\t<\/div>\n\t\t<\/section>\n\t\t\t\t<section class=\"elementor-section elementor-top-section elementor-element elementor-element-e349783 elementor-section-stretched elementor-section-boxed elementor-section-height-default elementor-section-height-default\" data-id=\"e349783\" data-element_type=\"section\" data-e-type=\"section\" data-settings=\"{&quot;stretch_section&quot;:&quot;section-stretched&quot;}\">\n\t\t\t\t\t\t<div class=\"elementor-container elementor-column-gap-default\">\n\t\t\t\t\t<div class=\"elementor-column elementor-col-100 elementor-top-column elementor-element elementor-element-7c18b90\" data-id=\"7c18b90\" data-element_type=\"column\" data-e-type=\"column\">\n\t\t\t<div class=\"elementor-widget-wrap elementor-element-populated\">\n\t\t\t\t\t\t<div class=\"elementor-element elementor-element-1a119e7 elementor-hidden-phone elementor-widget elementor-widget-heading\" data-id=\"1a119e7\" data-element_type=\"widget\" data-e-type=\"widget\" data-widget_type=\"heading.default\">\n\t\t\t\t<div class=\"elementor-widget-container\">\n\t\t\t\t\t<h1 class=\"elementor-heading-title elementor-size-default\">Our <br>Stellenangebote<\/h1>\t\t\t\t<\/div>\n\t\t\t\t<\/div>\n\t\t\t\t\t<\/div>\n\t\t<\/div>\n\t\t\t\t\t<\/div>\n\t\t<\/section>\n\t\t\t\t<section class=\"elementor-section elementor-top-section elementor-element elementor-element-a08566f elementor-section-boxed elementor-section-height-default elementor-section-height-default\" data-id=\"a08566f\" data-element_type=\"section\" data-e-type=\"section\">\n\t\t\t\t\t\t<div class=\"elementor-container elementor-column-gap-default\">\n\t\t\t\t\t<div class=\"elementor-column elementor-col-100 elementor-top-column elementor-element elementor-element-a40951b\" data-id=\"a40951b\" data-element_type=\"column\" data-e-type=\"column\">\n\t\t\t<div class=\"elementor-widget-wrap elementor-element-populated\">\n\t\t\t\t\t\t<div class=\"elementor-element elementor-element-181e96c elementor-grid-1 elementor-grid-tablet-2 elementor-grid-mobile-1 elementor-posts--thumbnail-top elementor-widget elementor-widget-posts\" data-id=\"181e96c\" data-element_type=\"widget\" data-e-type=\"widget\" data-settings=\"{&quot;classic_columns&quot;:&quot;1&quot;,&quot;classic_columns_tablet&quot;:&quot;2&quot;,&quot;classic_columns_mobile&quot;:&quot;1&quot;,&quot;classic_row_gap&quot;:{&quot;unit&quot;:&quot;px&quot;,&quot;size&quot;:35,&quot;sizes&quot;:[]},&quot;classic_row_gap_tablet&quot;:{&quot;unit&quot;:&quot;px&quot;,&quot;size&quot;:&quot;&quot;,&quot;sizes&quot;:[]},&quot;classic_row_gap_mobile&quot;:{&quot;unit&quot;:&quot;px&quot;,&quot;size&quot;:&quot;&quot;,&quot;sizes&quot;:[]}}\" data-widget_type=\"posts.classic\">\n\t\t\t\t<div class=\"elementor-widget-container\">\n\t\t\t\t\t\t\t<div class=\"elementor-posts-container elementor-posts elementor-posts--skin-classic elementor-grid\" role=\"list\">\n\t\t\t\t<article class=\"elementor-post elementor-grid-item post-4701 jobs type-jobs status-publish hentry description-off\" role=\"listitem\">\n\t\t\t\t<div class=\"elementor-post__text\">\n\t\t\t\t<h3 class=\"elementor-post__title\">\n\t\t\t<a href=\"https:\/\/schulz-in-bestform.com\/en\/jobs\/bauleitung-elektro-obermonteur-m-w-d\/\" >\n\t\t\t\tBauleitung Elektro \/ Obermonteur (m\/w\/d)\t\t\t<\/a>\n\t\t<\/h3>\n\t\t\t\t<div class=\"elementor-post__excerpt\">\n\t\t\t<p>Bauleitung Elektro \/ Obermonteur (M\/w\/D) F\u00fcr unser Team suchen wir Bauleitung elektro \/ obermonteur (M\/W\/D) WIR BIETEN: Festanstellung \u00dcbertarifliche Verg\u00fctung Pr\u00e4mienzahlungen 50\u20ac Tankgutschein monatlich Gef\u00f6rderte<\/p>\n\t\t<\/div>\n\t\t\n\t\t<a class=\"elementor-post__read-more\" href=\"https:\/\/schulz-in-bestform.com\/en\/jobs\/bauleitung-elektro-obermonteur-m-w-d\/\" aria-label=\"Read more about Bauleitung Elektro \/ Obermonteur (m\/w\/d)\" tabindex=\"-1\" >\n\t\t\tto the job ad\t\t<\/a>\n\n\t\t\t\t<\/div>\n\t\t\t\t<\/article>\n\t\t\t\t<article class=\"elementor-post elementor-grid-item post-3992 jobs type-jobs status-publish hentry description-off\" role=\"listitem\">\n\t\t\t\t<div class=\"elementor-post__text\">\n\t\t\t\t<h3 class=\"elementor-post__title\">\n\t\t\t<a href=\"https:\/\/schulz-in-bestform.com\/en\/jobs\/elektroniker-m-w-d\/\" >\n\t\t\t\tElektroniker (m\/w\/d)\t\t\t<\/a>\n\t\t<\/h3>\n\t\t\t\t<div class=\"elementor-post__excerpt\">\n\t\t\t<p>Elektroniker (m\/w\/d) F\u00fcr unser Team suchen wir ELEKTRONIKER (m\/w\/d) in Vollzeit. WIR BIETEN: Festanstellung Ein geiles Team \u00dcbertarifliche Verg\u00fctung Pr\u00e4mienzahlungen 50\u20ac Sachbezug monatlich Gef\u00f6rderte Weiterbildungsm\u00f6glichkeiten<\/p>\n\t\t<\/div>\n\t\t\n\t\t<a class=\"elementor-post__read-more\" href=\"https:\/\/schulz-in-bestform.com\/en\/jobs\/elektroniker-m-w-d\/\" aria-label=\"Read more about Elektroniker (m\/w\/d)\" tabindex=\"-1\" >\n\t\t\tto the job ad\t\t<\/a>\n\n\t\t\t\t<\/div>\n\t\t\t\t<\/article>\n\t\t\t\t<article class=\"elementor-post elementor-grid-item post-4001 jobs type-jobs status-publish hentry description-off\" role=\"listitem\">\n\t\t\t\t<div class=\"elementor-post__text\">\n\t\t\t\t<h3 class=\"elementor-post__title\">\n\t\t\t<a href=\"https:\/\/schulz-in-bestform.com\/en\/jobs\/elektrohelfer-m-w-d\/\" >\n\t\t\t\tElektrohelfer (m\/w\/d)\t\t\t<\/a>\n\t\t<\/h3>\n\t\t\t\t<div class=\"elementor-post__excerpt\">\n\t\t\t<p>Elektrohelfer (m\/w\/d) F\u00fcr unser Team suchen wir Elektrohelfer (m\/w\/d) in Vollzeit. WIR BIETEN: Festanstellung \u00dcbertarifliche Verg\u00fctung Pr\u00e4mienzahlungen 50\u20ac Sachbezug monatlich Gef\u00f6rderte Weiterbildungsm\u00f6glichkeiten &amp; Fortbildungen Aufstiegsm\u00f6glichkeiten<\/p>\n\t\t<\/div>\n\t\t\n\t\t<a class=\"elementor-post__read-more\" href=\"https:\/\/schulz-in-bestform.com\/en\/jobs\/elektrohelfer-m-w-d\/\" aria-label=\"Read more about Elektrohelfer (m\/w\/d)\" tabindex=\"-1\" >\n\t\t\tto the job ad\t\t<\/a>\n\n\t\t\t\t<\/div>\n\t\t\t\t<\/article>\n\t\t\t\t<\/div>\n\t\t\n\t\t\t\t\t\t<\/div>\n\t\t\t\t<\/div>\n\t\t\t\t\t<\/div>\n\t\t<\/div>\n\t\t\t\t\t<\/div>\n\t\t<\/section>\n\t\t\t\t<section class=\"elementor-section elementor-top-section elementor-element elementor-element-3d4d82e elementor-section-stretched elementor-section-content-middle elementor-section-boxed elementor-section-height-default elementor-section-height-default\" data-id=\"3d4d82e\" data-element_type=\"section\" data-e-type=\"section\" data-settings=\"{&quot;stretch_section&quot;:&quot;section-stretched&quot;}\">\n\t\t\t\t\t\t<div class=\"elementor-container elementor-column-gap-default\">\n\t\t\t\t\t<div class=\"elementor-column elementor-col-100 elementor-top-column elementor-element elementor-element-c30bb5e\" data-id=\"c30bb5e\" data-element_type=\"column\" data-e-type=\"column\">\n\t\t\t<div class=\"elementor-widget-wrap elementor-element-populated\">\n\t\t\t\t\t\t<div class=\"elementor-element elementor-element-4295eef elementor-widget elementor-widget-heading\" data-id=\"4295eef\" data-element_type=\"widget\" data-e-type=\"widget\" data-widget_type=\"heading.default\">\n\t\t\t\t<div class=\"elementor-widget-container\">\n\t\t\t\t\t<h2 class=\"elementor-heading-title elementor-size-default\">No suitable position listed?<\/h2>\t\t\t\t<\/div>\n\t\t\t\t<\/div>\n\t\t\t\t\t<\/div>\n\t\t<\/div>\n\t\t\t\t\t<\/div>\n\t\t<\/section>\n\t\t\t\t<section class=\"elementor-section elementor-top-section elementor-element elementor-element-504ffde elementor-section-boxed elementor-section-height-default elementor-section-height-default\" data-id=\"504ffde\" data-element_type=\"section\" data-e-type=\"section\">\n\t\t\t\t\t\t<div class=\"elementor-container elementor-column-gap-default\">\n\t\t\t\t\t<div class=\"elementor-column elementor-col-100 elementor-top-column elementor-element elementor-element-c08922d\" data-id=\"c08922d\" data-element_type=\"column\" data-e-type=\"column\">\n\t\t\t<div class=\"elementor-widget-wrap elementor-element-populated\">\n\t\t\t\t\t\t<section class=\"elementor-section elementor-inner-section elementor-element elementor-element-aa2335c elementor-section-full_width elementor-section-content-middle elementor-section-height-default elementor-section-height-default\" data-id=\"aa2335c\" data-element_type=\"section\" data-e-type=\"section\">\n\t\t\t\t\t\t<div class=\"elementor-container elementor-column-gap-default\">\n\t\t\t\t\t<div class=\"elementor-column elementor-col-100 elementor-inner-column elementor-element elementor-element-acfab91\" data-id=\"acfab91\" data-element_type=\"column\" data-e-type=\"column\">\n\t\t\t<div class=\"elementor-widget-wrap elementor-element-populated\">\n\t\t\t\t\t\t<div class=\"elementor-element elementor-element-f22511e elementor-align-center elementor-widget elementor-widget-button\" data-id=\"f22511e\" data-element_type=\"widget\" data-e-type=\"widget\" data-widget_type=\"button.default\">\n\t\t\t\t<div class=\"elementor-widget-container\">\n\t\t\t\t\t\t\t\t\t<div class=\"elementor-button-wrapper\">\n\t\t\t\t\t<a class=\"elementor-button elementor-button-link elementor-size-sm\" href=\"#elementor-action%3Aaction%3Dpopup%3Aopen%26settings%3DeyJpZCI6IjQxODkiLCJ0b2dnbGUiOmZhbHNlfQ%3D%3D\">\n\t\t\t\t\t\t<span class=\"elementor-button-content-wrapper\">\n\t\t\t\t\t\t\t\t\t<span class=\"elementor-button-text\">Apply proactively now<\/span>\n\t\t\t\t\t<\/span>\n\t\t\t\t\t<\/a>\n\t\t\t\t<\/div>\n\t\t\t\t\t\t\t\t<\/div>\n\t\t\t\t<\/div>\n\t\t\t\t\t<\/div>\n\t\t<\/div>\n\t\t\t\t\t<\/div>\n\t\t<\/section>\n\t\t\t\t\t<\/div>\n\t\t<\/div>\n\t\t\t\t\t<\/div>\n\t\t<\/section>\n\t\t\t\t<\/div>","protected":false},"excerpt":{"rendered":"<p>KARRIERE Gestalte Deine Zukunft. Jetzt Bewerben Unsere Stellenangebote Keine passende Stelle dabei? Jetzt initiativ Bewerben<\/p>","protected":false},"author":2,"featured_media":0,"parent":0,"menu_order":0,"comment_status":"closed","ping_status":"closed","template":"","meta":{"inline_featured_image":false},"class_list":["post-828","page","type-page","status-publish","hentry","description-off"],"yoast_head":"<!-- This site is optimized with the Yoast SEO plugin v27.4 - https:\/\/yoast.com\/product\/yoast-seo-wordpress\/ -->\n<title>Karriere in der Geb\u00e4udetechnik - Schulz in Bestform<\/title>\n<meta name=\"description\" content=\"Karriere machen in der Geb\u00e4udetechnik \u2013 bei Schulz, dem familiengef\u00fchrten Handwerksbetrieb aus Dortmund mit dynamischer Unternehmensentwicklung.\" \/>\n<meta name=\"robots\" content=\"index, follow, max-snippet:-1, max-image-preview:large, max-video-preview:-1\" \/>\n<link rel=\"canonical\" href=\"https:\/\/schulz-in-bestform.com\/en\/karriere\/\" \/>\n<meta property=\"og:locale\" content=\"en_US\" \/>\n<meta property=\"og:type\" content=\"article\" \/>\n<meta property=\"og:title\" content=\"Karriere in der Geb\u00e4udetechnik - Schulz in Bestform\" \/>\n<meta property=\"og:description\" content=\"Karriere machen in der Geb\u00e4udetechnik \u2013 bei Schulz, dem familiengef\u00fchrten Handwerksbetrieb aus Dortmund mit dynamischer Unternehmensentwicklung.\" \/>\n<meta property=\"og:url\" content=\"https:\/\/schulz-in-bestform.com\/en\/karriere\/\" \/>\n<meta property=\"og:site_name\" content=\"ELC Schulz\" \/>\n<meta property=\"article:publisher\" content=\"https:\/\/www.facebook.com\/ELC.Schulz\" \/>\n<meta property=\"article:modified_time\" content=\"2024-11-25T10:26:59+00:00\" \/>\n<meta name=\"twitter:card\" content=\"summary_large_image\" \/>\n<meta name=\"twitter:label1\" content=\"Est. reading time\" \/>\n\t<meta name=\"twitter:data1\" content=\"2 minutes\" \/>\n<script type=\"application\/ld+json\" class=\"yoast-schema-graph\">{\"@context\":\"https:\\\/\\\/schema.org\",\"@graph\":[{\"@type\":\"WebPage\",\"@id\":\"https:\\\/\\\/schulz-in-bestform.com\\\/karriere\\\/\",\"url\":\"https:\\\/\\\/schulz-in-bestform.com\\\/karriere\\\/\",\"name\":\"Karriere in der Geb\u00e4udetechnik - Schulz in Bestform\",\"isPartOf\":{\"@id\":\"https:\\\/\\\/schulz-in-bestform.com\\\/#website\"},\"primaryImageOfPage\":{\"@id\":\"https:\\\/\\\/schulz-in-bestform.com\\\/karriere\\\/#primaryimage\"},\"image\":{\"@id\":\"https:\\\/\\\/schulz-in-bestform.com\\\/karriere\\\/#primaryimage\"},\"thumbnailUrl\":\"https:\\\/\\\/schulz-in-bestform.com\\\/wp-content\\\/uploads\\\/2021\\\/04\\\/Gebaeudetechnik_in-Bestform-Schulz.svg\",\"datePublished\":\"2021-03-10T11:45:58+00:00\",\"dateModified\":\"2024-11-25T10:26:59+00:00\",\"description\":\"Karriere machen in der Geb\u00e4udetechnik \u2013 bei Schulz, dem familiengef\u00fchrten Handwerksbetrieb aus Dortmund mit dynamischer Unternehmensentwicklung.\",\"breadcrumb\":{\"@id\":\"https:\\\/\\\/schulz-in-bestform.com\\\/karriere\\\/#breadcrumb\"},\"inLanguage\":\"en-US\",\"potentialAction\":[{\"@type\":\"ReadAction\",\"target\":[\"https:\\\/\\\/schulz-in-bestform.com\\\/karriere\\\/\"]}]},{\"@type\":\"ImageObject\",\"inLanguage\":\"en-US\",\"@id\":\"https:\\\/\\\/schulz-in-bestform.com\\\/karriere\\\/#primaryimage\",\"url\":\"https:\\\/\\\/schulz-in-bestform.com\\\/wp-content\\\/uploads\\\/2021\\\/04\\\/Gebaeudetechnik_in-Bestform-Schulz.svg\",\"contentUrl\":\"https:\\\/\\\/schulz-in-bestform.com\\\/wp-content\\\/uploads\\\/2021\\\/04\\\/Gebaeudetechnik_in-Bestform-Schulz.svg\"},{\"@type\":\"BreadcrumbList\",\"@id\":\"https:\\\/\\\/schulz-in-bestform.com\\\/karriere\\\/#breadcrumb\",\"itemListElement\":[{\"@type\":\"ListItem\",\"position\":1,\"name\":\"Home\",\"item\":\"https:\\\/\\\/schulz-in-bestform.com\\\/\"},{\"@type\":\"ListItem\",\"position\":2,\"name\":\"Karriere\"}]},{\"@type\":\"WebSite\",\"@id\":\"https:\\\/\\\/schulz-in-bestform.com\\\/#website\",\"url\":\"https:\\\/\\\/schulz-in-bestform.com\\\/\",\"name\":\"ELC Schulz\",\"description\":\"\",\"publisher\":{\"@id\":\"https:\\\/\\\/schulz-in-bestform.com\\\/#organization\"},\"potentialAction\":[{\"@type\":\"SearchAction\",\"target\":{\"@type\":\"EntryPoint\",\"urlTemplate\":\"https:\\\/\\\/schulz-in-bestform.com\\\/?s={search_term_string}\"},\"query-input\":{\"@type\":\"PropertyValueSpecification\",\"valueRequired\":true,\"valueName\":\"search_term_string\"}}],\"inLanguage\":\"en-US\"},{\"@type\":\"Organization\",\"@id\":\"https:\\\/\\\/schulz-in-bestform.com\\\/#organization\",\"name\":\"ELC Schulz\",\"url\":\"https:\\\/\\\/schulz-in-bestform.com\\\/\",\"logo\":{\"@type\":\"ImageObject\",\"inLanguage\":\"en-US\",\"@id\":\"https:\\\/\\\/schulz-in-bestform.com\\\/#\\\/schema\\\/logo\\\/image\\\/\",\"url\":\"https:\\\/\\\/schulz-in-bestform.com\\\/wp-content\\\/uploads\\\/2021\\\/04\\\/Gebaeudetechnik_in_Bestform.svg\",\"contentUrl\":\"https:\\\/\\\/schulz-in-bestform.com\\\/wp-content\\\/uploads\\\/2021\\\/04\\\/Gebaeudetechnik_in_Bestform.svg\",\"width\":211,\"height\":46,\"caption\":\"ELC Schulz\"},\"image\":{\"@id\":\"https:\\\/\\\/schulz-in-bestform.com\\\/#\\\/schema\\\/logo\\\/image\\\/\"},\"sameAs\":[\"https:\\\/\\\/www.facebook.com\\\/ELC.Schulz\",\"https:\\\/\\\/www.instagram.com\\\/elcschulzgmbh\\\/\",\"https:\\\/\\\/www.linkedin.com\\\/company\\\/schulz-gebaeudetechnik\\\/\"]}]}<\/script>\n<!-- \/ Yoast SEO plugin. -->","yoast_head_json":{"title":"Karriere in der Geb\u00e4udetechnik - Schulz in Bestform","description":"Karriere machen in der Geb\u00e4udetechnik \u2013 bei Schulz, dem familiengef\u00fchrten Handwerksbetrieb aus Dortmund mit dynamischer Unternehmensentwicklung.","robots":{"index":"index","follow":"follow","max-snippet":"max-snippet:-1","max-image-preview":"max-image-preview:large","max-video-preview":"max-video-preview:-1"},"canonical":"https:\/\/schulz-in-bestform.com\/en\/karriere\/","og_locale":"en_US","og_type":"article","og_title":"Karriere in der Geb\u00e4udetechnik - Schulz in Bestform","og_description":"Karriere machen in der Geb\u00e4udetechnik \u2013 bei Schulz, dem familiengef\u00fchrten Handwerksbetrieb aus Dortmund mit dynamischer Unternehmensentwicklung.","og_url":"https:\/\/schulz-in-bestform.com\/en\/karriere\/","og_site_name":"ELC Schulz","article_publisher":"https:\/\/www.facebook.com\/ELC.Schulz","article_modified_time":"2024-11-25T10:26:59+00:00","twitter_card":"summary_large_image","twitter_misc":{"Est. reading time":"2 minutes"},"schema":{"@context":"https:\/\/schema.org","@graph":[{"@type":"WebPage","@id":"https:\/\/schulz-in-bestform.com\/karriere\/","url":"https:\/\/schulz-in-bestform.com\/karriere\/","name":"Karriere in der Geb\u00e4udetechnik - Schulz in Bestform","isPartOf":{"@id":"https:\/\/schulz-in-bestform.com\/#website"},"primaryImageOfPage":{"@id":"https:\/\/schulz-in-bestform.com\/karriere\/#primaryimage"},"image":{"@id":"https:\/\/schulz-in-bestform.com\/karriere\/#primaryimage"},"thumbnailUrl":"https:\/\/schulz-in-bestform.com\/wp-content\/uploads\/2021\/04\/Gebaeudetechnik_in-Bestform-Schulz.svg","datePublished":"2021-03-10T11:45:58+00:00","dateModified":"2024-11-25T10:26:59+00:00","description":"Karriere machen in der Geb\u00e4udetechnik \u2013 bei Schulz, dem familiengef\u00fchrten Handwerksbetrieb aus Dortmund mit dynamischer Unternehmensentwicklung.","breadcrumb":{"@id":"https:\/\/schulz-in-bestform.com\/karriere\/#breadcrumb"},"inLanguage":"en-US","potentialAction":[{"@type":"ReadAction","target":["https:\/\/schulz-in-bestform.com\/karriere\/"]}]},{"@type":"ImageObject","inLanguage":"en-US","@id":"https:\/\/schulz-in-bestform.com\/karriere\/#primaryimage","url":"https:\/\/schulz-in-bestform.com\/wp-content\/uploads\/2021\/04\/Gebaeudetechnik_in-Bestform-Schulz.svg","contentUrl":"https:\/\/schulz-in-bestform.com\/wp-content\/uploads\/2021\/04\/Gebaeudetechnik_in-Bestform-Schulz.svg"},{"@type":"BreadcrumbList","@id":"https:\/\/schulz-in-bestform.com\/karriere\/#breadcrumb","itemListElement":[{"@type":"ListItem","position":1,"name":"Home","item":"https:\/\/schulz-in-bestform.com\/"},{"@type":"ListItem","position":2,"name":"Karriere"}]},{"@type":"WebSite","@id":"https:\/\/schulz-in-bestform.com\/#website","url":"https:\/\/schulz-in-bestform.com\/","name":"ELC Schulz","description":"","publisher":{"@id":"https:\/\/schulz-in-bestform.com\/#organization"},"potentialAction":[{"@type":"SearchAction","target":{"@type":"EntryPoint","urlTemplate":"https:\/\/schulz-in-bestform.com\/?s={search_term_string}"},"query-input":{"@type":"PropertyValueSpecification","valueRequired":true,"valueName":"search_term_string"}}],"inLanguage":"en-US"},{"@type":"Organization","@id":"https:\/\/schulz-in-bestform.com\/#organization","name":"ELC Schulz","url":"https:\/\/schulz-in-bestform.com\/","logo":{"@type":"ImageObject","inLanguage":"en-US","@id":"https:\/\/schulz-in-bestform.com\/#\/schema\/logo\/image\/","url":"https:\/\/schulz-in-bestform.com\/wp-content\/uploads\/2021\/04\/Gebaeudetechnik_in_Bestform.svg","contentUrl":"https:\/\/schulz-in-bestform.com\/wp-content\/uploads\/2021\/04\/Gebaeudetechnik_in_Bestform.svg","width":211,"height":46,"caption":"ELC Schulz"},"image":{"@id":"https:\/\/schulz-in-bestform.com\/#\/schema\/logo\/image\/"},"sameAs":["https:\/\/www.facebook.com\/ELC.Schulz","https:\/\/www.instagram.com\/elcschulzgmbh\/","https:\/\/www.linkedin.com\/company\/schulz-gebaeudetechnik\/"]}]}},"_links":{"self":[{"href":"https:\/\/schulz-in-bestform.com\/en\/wp-json\/wp\/v2\/pages\/828","targetHints":{"allow":["GET"]}}],"collection":[{"href":"https:\/\/schulz-in-bestform.com\/en\/wp-json\/wp\/v2\/pages"}],"about":[{"href":"https:\/\/schulz-in-bestform.com\/en\/wp-json\/wp\/v2\/types\/page"}],"author":[{"embeddable":true,"href":"https:\/\/schulz-in-bestform.com\/en\/wp-json\/wp\/v2\/users\/2"}],"replies":[{"embeddable":true,"href":"https:\/\/schulz-in-bestform.com\/en\/wp-json\/wp\/v2\/comments?post=828"}],"version-history":[{"count":0,"href":"https:\/\/schulz-in-bestform.com\/en\/wp-json\/wp\/v2\/pages\/828\/revisions"}],"wp:attachment":[{"href":"https:\/\/schulz-in-bestform.com\/en\/wp-json\/wp\/v2\/media?parent=828"}],"curies":[{"name":"wp","href":"https:\/\/api.w.org\/{rel}","templated":true}]}}