{"id":787,"date":"2021-03-10T10:18:18","date_gmt":"2021-03-10T10:18:18","guid":{"rendered":"https:\/\/elc.identitaetsverstaerker.koeln\/?page_id=787"},"modified":"2024-11-25T13:04:10","modified_gmt":"2024-11-25T12:04:10","slug":"photovoltaik","status":"publish","type":"page","link":"https:\/\/schulz-in-bestform.com\/en\/elektronik-erneuerbare-energie\/photovoltaik\/","title":{"rendered":"Photovoltaics"},"content":{"rendered":"\t\t<div data-elementor-type=\"wp-page\" data-elementor-id=\"787\" class=\"elementor elementor-787\" data-elementor-post-type=\"page\">\n\t\t\t\t\t\t<section class=\"elementor-section elementor-top-section elementor-element elementor-element-cc6a1bd elementor-section-height-min-height elementor-section-stretched elementor-section-boxed elementor-section-height-default elementor-section-items-middle\" data-id=\"cc6a1bd\" data-element_type=\"section\" data-e-type=\"section\" data-settings=\"{&quot;stretch_section&quot;:&quot;section-stretched&quot;,&quot;background_background&quot;:&quot;classic&quot;}\">\n\t\t\t\t\t\t<div class=\"elementor-container elementor-column-gap-default\">\n\t\t\t\t\t<div class=\"elementor-column elementor-col-100 elementor-top-column elementor-element elementor-element-de2bcea\" data-id=\"de2bcea\" data-element_type=\"column\" data-e-type=\"column\">\n\t\t\t<div class=\"elementor-widget-wrap elementor-element-populated\">\n\t\t\t\t\t\t<div class=\"elementor-element elementor-element-2c3681a elementor-hidden-phone elementor-widget elementor-widget-heading\" data-id=\"2c3681a\" data-element_type=\"widget\" data-e-type=\"widget\" data-widget_type=\"heading.default\">\n\t\t\t\t<div class=\"elementor-widget-container\">\n\t\t\t\t\t<h2 class=\"elementor-heading-title elementor-size-default\">Photovoltaik<\/h2>\t\t\t\t<\/div>\n\t\t\t\t<\/div>\n\t\t\t\t<div class=\"elementor-element elementor-element-2fa70d7 elementor-hidden-phone elementor-widget elementor-widget-heading\" data-id=\"2fa70d7\" data-element_type=\"widget\" data-e-type=\"widget\" data-widget_type=\"heading.default\">\n\t\t\t\t<div class=\"elementor-widget-container\">\n\t\t\t\t\t<h3 class=\"elementor-heading-title elementor-size-default\">Kommen Sie auf die Sonnenseite!<\/h3>\t\t\t\t<\/div>\n\t\t\t\t<\/div>\n\t\t\t\t<div class=\"elementor-element elementor-element-12e31a1 elementor-widget elementor-widget-spacer\" data-id=\"12e31a1\" data-element_type=\"widget\" data-e-type=\"widget\" data-widget_type=\"spacer.default\">\n\t\t\t\t<div class=\"elementor-widget-container\">\n\t\t\t\t\t\t\t<div class=\"elementor-spacer\">\n\t\t\t<div class=\"elementor-spacer-inner\"><\/div>\n\t\t<\/div>\n\t\t\t\t\t\t<\/div>\n\t\t\t\t<\/div>\n\t\t\t\t\t<\/div>\n\t\t<\/div>\n\t\t\t\t\t<\/div>\n\t\t<\/section>\n\t\t\t\t<section class=\"elementor-section elementor-top-section elementor-element elementor-element-263d888f elementor-section-boxed elementor-section-height-default elementor-section-height-default\" data-id=\"263d888f\" data-element_type=\"section\" data-e-type=\"section\">\n\t\t\t\t\t\t<div class=\"elementor-container elementor-column-gap-default\">\n\t\t\t\t\t<div class=\"elementor-column elementor-col-50 elementor-top-column elementor-element elementor-element-1e22487c\" data-id=\"1e22487c\" data-element_type=\"column\" data-e-type=\"column\">\n\t\t\t<div class=\"elementor-widget-wrap elementor-element-populated\">\n\t\t\t\t\t\t<div class=\"elementor-element elementor-element-4e27c23a elementor-hidden-phone elementor-widget elementor-widget-image\" data-id=\"4e27c23a\" data-element_type=\"widget\" data-e-type=\"widget\" data-widget_type=\"image.default\">\n\t\t\t\t<div class=\"elementor-widget-container\">\n\t\t\t\t\t\t\t\t\t\t\t\t\t\t\t<img decoding=\"async\" src=\"https:\/\/schulz-in-bestform.com\/wp-content\/uploads\/2021\/04\/Gebaeudetechnik_in-Bestform-Schulz.svg\" title=\"Geb\u00e4udetechnik_in-Bestform-Schulz\" alt=\"Die Abbildung zeigt das Logo von Schulz - Geb\u00e4udetechnik in Bestform\" loading=\"lazy\" \/>\t\t\t\t\t\t\t\t\t\t\t\t\t\t\t<\/div>\n\t\t\t\t<\/div>\n\t\t\t\t\t<\/div>\n\t\t<\/div>\n\t\t\t\t<div class=\"elementor-column elementor-col-50 elementor-top-column elementor-element elementor-element-115eea1c\" data-id=\"115eea1c\" data-element_type=\"column\" data-e-type=\"column\">\n\t\t\t<div class=\"elementor-widget-wrap\">\n\t\t\t\t\t\t\t<\/div>\n\t\t<\/div>\n\t\t\t\t\t<\/div>\n\t\t<\/section>\n\t\t\t\t<section class=\"elementor-section elementor-top-section elementor-element elementor-element-e349783 elementor-section-stretched elementor-section-boxed elementor-section-height-default elementor-section-height-default\" data-id=\"e349783\" data-element_type=\"section\" data-e-type=\"section\" data-settings=\"{&quot;stretch_section&quot;:&quot;section-stretched&quot;}\">\n\t\t\t\t\t\t<div class=\"elementor-container elementor-column-gap-default\">\n\t\t\t\t\t<div class=\"elementor-column elementor-col-100 elementor-top-column elementor-element elementor-element-7c18b90\" data-id=\"7c18b90\" data-element_type=\"column\" data-e-type=\"column\">\n\t\t\t<div class=\"elementor-widget-wrap elementor-element-populated\">\n\t\t\t\t\t\t<section class=\"elementor-section elementor-inner-section elementor-element elementor-element-ff22256 elementor-section-full_width elementor-section-height-default elementor-section-height-default\" data-id=\"ff22256\" data-element_type=\"section\" data-e-type=\"section\">\n\t\t\t\t\t\t<div class=\"elementor-container elementor-column-gap-default\">\n\t\t\t\t\t<div class=\"elementor-column elementor-col-50 elementor-inner-column elementor-element elementor-element-9e517e6\" data-id=\"9e517e6\" data-element_type=\"column\" data-e-type=\"column\">\n\t\t\t<div class=\"elementor-widget-wrap elementor-element-populated\">\n\t\t\t\t\t\t<div class=\"elementor-element elementor-element-fdef7d3 elementor-widget elementor-widget-heading\" data-id=\"fdef7d3\" data-element_type=\"widget\" data-e-type=\"widget\" data-widget_type=\"heading.default\">\n\t\t\t\t<div class=\"elementor-widget-container\">\n\t\t\t\t\t<h2 class=\"elementor-heading-title elementor-size-default\">Ordentlich was auf\u2019s <br>Dach kriegen<\/h2>\t\t\t\t<\/div>\n\t\t\t\t<\/div>\n\t\t\t\t<div class=\"elementor-element elementor-element-e69d490 elementor-widget elementor-widget-text-editor\" data-id=\"e69d490\" data-element_type=\"widget\" data-e-type=\"widget\" data-widget_type=\"text-editor.default\">\n\t\t\t\t<div class=\"elementor-widget-container\">\n\t\t\t\t\t\t\t\t\t<p>Die Anschaffung einer Photovoltaik-Anlage (kurz: PV-Anlage) lohnt sich nicht nur aus Umwelt- und Klimaschutzgr\u00fcnden, sondern auch in finanzieller Hinsicht: Im Zuge der Energiewende werden sowohl die Neuinstallation von Solar-Anlage als auch die Umr\u00fcstung eines bestehenden Systems in Form von staatlichen Zusch\u00fcssen und g\u00fcnstigen Krediten gef\u00f6rdert. Dar\u00fcber hinaus zahlen die Netzbetreiber Einspeiseverg\u00fctung, sodass die Kosten im laufenden Betrieb vergleichsweise gering ausfallen. In der Regel rentiert sich die Investition in eine PV-Anlage nach etwa 10-14 Jahren (Amortisationsdauer)<a href=\"#_ftn1\" name=\"_ftnref1\">[1]<\/a>. Voraussetzung hierf\u00fcr ist jedoch eine ordnungsgem\u00e4\u00dfe Montage durch einen qualifizierten Fachbetrieb. Andernfalls k\u00f6nnen schnell zus\u00e4tzliche Kosten entstehen (beispielsweise f\u00fcr Reparaturen und Nachr\u00fcstungen). Sparen Sie also nicht an falscher Stelle: Schlie\u00dflich soll Sie Ihre PV-Anlage etwa 25 Jahre lang mit Eigenstrom versorgen.<\/p><p>Als Experte im Bereich Elektrotechnik und erneuerbare Energien \u00fcbernehmen wir f\u00fcr Sie die komplette Installation, von der Auswahl eines geeigneten Montagesystems \u00fcber den Einbau bis hin zur Inbetriebnahme der Anlage. Dabei stellen wir nicht nur sicher, dass die Anlage s\u00e4mtliche Normen und Vorschriften erf\u00fcllt, sondern ber\u00fccksichtigen auch \u00e4u\u00dfere Faktoren wie die Beschaffenheit des Daches, die richtige Position des Wechselrichters sowie m\u00f6gliche Belastung durch Wind oder Schneemassen.<\/p><p><a href=\"#_ftnref1\" name=\"_ftn1\"><\/a><\/p>\t\t\t\t\t\t\t\t<\/div>\n\t\t\t\t<\/div>\n\t\t\t\t\t<\/div>\n\t\t<\/div>\n\t\t\t\t<div class=\"elementor-column elementor-col-50 elementor-inner-column elementor-element elementor-element-d46b712\" data-id=\"d46b712\" data-element_type=\"column\" data-e-type=\"column\">\n\t\t\t<div class=\"elementor-widget-wrap elementor-element-populated\">\n\t\t\t\t\t\t<div class=\"elementor-element elementor-element-204ef8b elementor-widget elementor-widget-image\" data-id=\"204ef8b\" data-element_type=\"widget\" data-e-type=\"widget\" data-widget_type=\"image.default\">\n\t\t\t\t<div class=\"elementor-widget-container\">\n\t\t\t\t\t\t\t\t\t\t\t\t\t\t\t<img fetchpriority=\"high\" decoding=\"async\" width=\"1024\" height=\"805\" src=\"https:\/\/schulz-in-bestform.com\/wp-content\/uploads\/2021\/04\/Elektro__Lichttechnik_in_Bestform-1024x805.jpg\" class=\"attachment-large size-large wp-image-3295\" alt=\"Die Abbildung zeigt Photovoltaik von Schulz - Licht- &amp; Elektrotechnik in Bestform\" srcset=\"https:\/\/schulz-in-bestform.com\/wp-content\/uploads\/2021\/04\/Elektro__Lichttechnik_in_Bestform-1024x805.jpg 1024w, https:\/\/schulz-in-bestform.com\/wp-content\/uploads\/2021\/04\/Elektro__Lichttechnik_in_Bestform-300x236.jpg 300w, https:\/\/schulz-in-bestform.com\/wp-content\/uploads\/2021\/04\/Elektro__Lichttechnik_in_Bestform-768x604.jpg 768w, https:\/\/schulz-in-bestform.com\/wp-content\/uploads\/2021\/04\/Elektro__Lichttechnik_in_Bestform.jpg 1122w\" sizes=\"(max-width: 1024px) 100vw, 1024px\" \/>\t\t\t\t\t\t\t\t\t\t\t\t\t\t\t<\/div>\n\t\t\t\t<\/div>\n\t\t\t\t\t<\/div>\n\t\t<\/div>\n\t\t\t\t\t<\/div>\n\t\t<\/section>\n\t\t\t\t\t<\/div>\n\t\t<\/div>\n\t\t\t\t\t<\/div>\n\t\t<\/section>\n\t\t\t\t<section class=\"elementor-section elementor-top-section elementor-element elementor-element-5e8ee27b elementor-section-full_width elementor-section-stretched elementor-section-height-default elementor-section-height-default\" data-id=\"5e8ee27b\" data-element_type=\"section\" data-e-type=\"section\" data-settings=\"{&quot;stretch_section&quot;:&quot;section-stretched&quot;,&quot;background_background&quot;:&quot;classic&quot;}\">\n\t\t\t\t\t\t<div class=\"elementor-container elementor-column-gap-default\">\n\t\t\t\t\t<div class=\"elementor-column elementor-col-100 elementor-top-column elementor-element elementor-element-3a32399c\" data-id=\"3a32399c\" data-element_type=\"column\" data-e-type=\"column\">\n\t\t\t<div class=\"elementor-widget-wrap elementor-element-populated\">\n\t\t\t\t\t\t<div class=\"elementor-element elementor-element-7c9b49ba elementor-widget elementor-widget-image\" data-id=\"7c9b49ba\" data-element_type=\"widget\" data-e-type=\"widget\" data-widget_type=\"image.default\">\n\t\t\t\t<div class=\"elementor-widget-container\">\n\t\t\t\t\t\t\t\t\t\t\t\t\t\t\t<img decoding=\"async\" width=\"1024\" height=\"1024\" src=\"https:\/\/schulz-in-bestform.com\/wp-content\/uploads\/2021\/04\/Herz.svg\" class=\"attachment-large size-large wp-image-3262\" alt=\"Die Abbildung zeigt das abgewandelte Logo von Schulz in Herzform - Geb\u00e4udetechnik in Bestform\" \/>\t\t\t\t\t\t\t\t\t\t\t\t\t\t\t<\/div>\n\t\t\t\t<\/div>\n\t\t\t\t<section class=\"elementor-section elementor-inner-section elementor-element elementor-element-ad6d61f elementor-section-full_width elementor-section-height-default elementor-section-height-default\" data-id=\"ad6d61f\" data-element_type=\"section\" data-e-type=\"section\">\n\t\t\t\t\t\t<div class=\"elementor-container elementor-column-gap-default\">\n\t\t\t\t\t<div class=\"elementor-column elementor-col-100 elementor-inner-column elementor-element elementor-element-2897ae5d\" data-id=\"2897ae5d\" data-element_type=\"column\" data-e-type=\"column\">\n\t\t\t<div class=\"elementor-widget-wrap elementor-element-populated\">\n\t\t\t\t\t\t<div class=\"elementor-element elementor-element-60b2d549 elementor-widget elementor-widget-heading\" data-id=\"60b2d549\" data-element_type=\"widget\" data-e-type=\"widget\" data-widget_type=\"heading.default\">\n\t\t\t\t<div class=\"elementor-widget-container\">\n\t\t\t\t\t<h2 class=\"elementor-heading-title elementor-size-default\">Erleuchten Sie uns \nmit Ihrer Nachricht!\n<\/h2>\t\t\t\t<\/div>\n\t\t\t\t<\/div>\n\t\t\t\t<div class=\"elementor-element elementor-element-5f9a5fdb elementor-align-center elementor-widget elementor-widget-button\" data-id=\"5f9a5fdb\" data-element_type=\"widget\" data-e-type=\"widget\" data-widget_type=\"button.default\">\n\t\t\t\t<div class=\"elementor-widget-container\">\n\t\t\t\t\t\t\t\t\t<div class=\"elementor-button-wrapper\">\n\t\t\t\t\t<a class=\"elementor-button elementor-button-link elementor-size-sm\" href=\"http:\/\/schulz-in-bestform.com\/elektronik-erneuerbare-energie\/photovoltaik\/#Kontaktformular\">\n\t\t\t\t\t\t<span class=\"elementor-button-content-wrapper\">\n\t\t\t\t\t\t\t\t\t<span class=\"elementor-button-text\">Zum Kontaktformular<\/span>\n\t\t\t\t\t<\/span>\n\t\t\t\t\t<\/a>\n\t\t\t\t<\/div>\n\t\t\t\t\t\t\t\t<\/div>\n\t\t\t\t<\/div>\n\t\t\t\t\t<\/div>\n\t\t<\/div>\n\t\t\t\t\t<\/div>\n\t\t<\/section>\n\t\t\t\t\t<\/div>\n\t\t<\/div>\n\t\t\t\t\t<\/div>\n\t\t<\/section>\n\t\t\t\t<\/div>\n\t\t","protected":false},"excerpt":{"rendered":"<p>Photovoltaik Kommen Sie auf die Sonnenseite! Ordentlich was auf\u2019s Dach kriegen Die Anschaffung einer Photovoltaik-Anlage (kurz: PV-Anlage) lohnt sich nicht nur aus Umwelt- und Klimaschutzgr\u00fcnden, sondern auch in finanzieller Hinsicht: Im Zuge der Energiewende werden sowohl die Neuinstallation von Solar-Anlage als auch die Umr\u00fcstung eines bestehenden Systems in Form von staatlichen Zusch\u00fcssen und g\u00fcnstigen Krediten&hellip;<\/p>","protected":false},"author":2,"featured_media":0,"parent":256,"menu_order":0,"comment_status":"closed","ping_status":"closed","template":"","meta":{"inline_featured_image":false},"class_list":["post-787","page","type-page","status-publish","hentry","description-off"],"yoast_head":"<!-- This site is optimized with the Yoast SEO plugin v27.5 - https:\/\/yoast.com\/product\/yoast-seo-wordpress\/ -->\n<title>Photovoltaik - Schulz in Bestform<\/title>\n<meta name=\"description\" content=\"Photovoltaik von Schulz \u2013 Geb\u00e4udetechnik in Bestform, dem familiengef\u00fchrten Handwerksbetrieb aus Dortmund mit dynamischer Unternehmensentwicklung.\" \/>\n<meta name=\"robots\" content=\"index, follow, max-snippet:-1, max-image-preview:large, max-video-preview:-1\" \/>\n<link rel=\"canonical\" href=\"https:\/\/schulz-in-bestform.com\/en\/elektronik-erneuerbare-energie\/photovoltaik\/\" \/>\n<meta property=\"og:locale\" content=\"en_US\" \/>\n<meta property=\"og:type\" content=\"article\" \/>\n<meta property=\"og:title\" content=\"Photovoltaik - Schulz in Bestform\" \/>\n<meta property=\"og:description\" content=\"Photovoltaik von Schulz \u2013 Geb\u00e4udetechnik in Bestform, dem familiengef\u00fchrten Handwerksbetrieb aus Dortmund mit dynamischer Unternehmensentwicklung.\" \/>\n<meta property=\"og:url\" content=\"https:\/\/schulz-in-bestform.com\/en\/elektronik-erneuerbare-energie\/photovoltaik\/\" \/>\n<meta property=\"og:site_name\" content=\"ELC Schulz\" \/>\n<meta property=\"article:publisher\" content=\"https:\/\/www.facebook.com\/ELC.Schulz\" \/>\n<meta property=\"article:modified_time\" content=\"2024-11-25T12:04:10+00:00\" \/>\n<meta property=\"og:image\" content=\"https:\/\/schulz-in-bestform.com\/wp-content\/uploads\/2021\/04\/Gebaeudetechnik_in-Bestform-Schulz.svg\" \/>\n<meta name=\"twitter:card\" content=\"summary_large_image\" \/>\n<meta name=\"twitter:label1\" content=\"Est. reading time\" \/>\n\t<meta name=\"twitter:data1\" content=\"2 minutes\" \/>\n<script type=\"application\/ld+json\" class=\"yoast-schema-graph\">{\"@context\":\"https:\\\/\\\/schema.org\",\"@graph\":[{\"@type\":\"WebPage\",\"@id\":\"https:\\\/\\\/schulz-in-bestform.com\\\/elektronik-erneuerbare-energie\\\/photovoltaik\\\/\",\"url\":\"https:\\\/\\\/schulz-in-bestform.com\\\/elektronik-erneuerbare-energie\\\/photovoltaik\\\/\",\"name\":\"Photovoltaik - Schulz in Bestform\",\"isPartOf\":{\"@id\":\"https:\\\/\\\/schulz-in-bestform.com\\\/#website\"},\"primaryImageOfPage\":{\"@id\":\"https:\\\/\\\/schulz-in-bestform.com\\\/elektronik-erneuerbare-energie\\\/photovoltaik\\\/#primaryimage\"},\"image\":{\"@id\":\"https:\\\/\\\/schulz-in-bestform.com\\\/elektronik-erneuerbare-energie\\\/photovoltaik\\\/#primaryimage\"},\"thumbnailUrl\":\"https:\\\/\\\/schulz-in-bestform.com\\\/wp-content\\\/uploads\\\/2021\\\/04\\\/Gebaeudetechnik_in-Bestform-Schulz.svg\",\"datePublished\":\"2021-03-10T10:18:18+00:00\",\"dateModified\":\"2024-11-25T12:04:10+00:00\",\"description\":\"Photovoltaik von Schulz \u2013 Geb\u00e4udetechnik in Bestform, dem familiengef\u00fchrten Handwerksbetrieb aus Dortmund mit dynamischer Unternehmensentwicklung.\",\"breadcrumb\":{\"@id\":\"https:\\\/\\\/schulz-in-bestform.com\\\/elektronik-erneuerbare-energie\\\/photovoltaik\\\/#breadcrumb\"},\"inLanguage\":\"en-US\",\"potentialAction\":[{\"@type\":\"ReadAction\",\"target\":[\"https:\\\/\\\/schulz-in-bestform.com\\\/elektronik-erneuerbare-energie\\\/photovoltaik\\\/\"]}]},{\"@type\":\"ImageObject\",\"inLanguage\":\"en-US\",\"@id\":\"https:\\\/\\\/schulz-in-bestform.com\\\/elektronik-erneuerbare-energie\\\/photovoltaik\\\/#primaryimage\",\"url\":\"https:\\\/\\\/schulz-in-bestform.com\\\/wp-content\\\/uploads\\\/2021\\\/04\\\/Gebaeudetechnik_in-Bestform-Schulz.svg\",\"contentUrl\":\"https:\\\/\\\/schulz-in-bestform.com\\\/wp-content\\\/uploads\\\/2021\\\/04\\\/Gebaeudetechnik_in-Bestform-Schulz.svg\"},{\"@type\":\"BreadcrumbList\",\"@id\":\"https:\\\/\\\/schulz-in-bestform.com\\\/elektronik-erneuerbare-energie\\\/photovoltaik\\\/#breadcrumb\",\"itemListElement\":[{\"@type\":\"ListItem\",\"position\":1,\"name\":\"Home\",\"item\":\"https:\\\/\\\/schulz-in-bestform.com\\\/\"},{\"@type\":\"ListItem\",\"position\":2,\"name\":\"Elektronik &#038; Erneuerbare Energie\",\"item\":\"https:\\\/\\\/schulz-in-bestform.com\\\/elektronik-erneuerbare-energie\\\/\"},{\"@type\":\"ListItem\",\"position\":3,\"name\":\"Photovoltaik\"}]},{\"@type\":\"WebSite\",\"@id\":\"https:\\\/\\\/schulz-in-bestform.com\\\/#website\",\"url\":\"https:\\\/\\\/schulz-in-bestform.com\\\/\",\"name\":\"ELC Schulz\",\"description\":\"\",\"publisher\":{\"@id\":\"https:\\\/\\\/schulz-in-bestform.com\\\/#organization\"},\"potentialAction\":[{\"@type\":\"SearchAction\",\"target\":{\"@type\":\"EntryPoint\",\"urlTemplate\":\"https:\\\/\\\/schulz-in-bestform.com\\\/?s={search_term_string}\"},\"query-input\":{\"@type\":\"PropertyValueSpecification\",\"valueRequired\":true,\"valueName\":\"search_term_string\"}}],\"inLanguage\":\"en-US\"},{\"@type\":\"Organization\",\"@id\":\"https:\\\/\\\/schulz-in-bestform.com\\\/#organization\",\"name\":\"ELC Schulz\",\"url\":\"https:\\\/\\\/schulz-in-bestform.com\\\/\",\"logo\":{\"@type\":\"ImageObject\",\"inLanguage\":\"en-US\",\"@id\":\"https:\\\/\\\/schulz-in-bestform.com\\\/#\\\/schema\\\/logo\\\/image\\\/\",\"url\":\"https:\\\/\\\/schulz-in-bestform.com\\\/wp-content\\\/uploads\\\/2021\\\/04\\\/Gebaeudetechnik_in_Bestform.svg\",\"contentUrl\":\"https:\\\/\\\/schulz-in-bestform.com\\\/wp-content\\\/uploads\\\/2021\\\/04\\\/Gebaeudetechnik_in_Bestform.svg\",\"width\":211,\"height\":46,\"caption\":\"ELC Schulz\"},\"image\":{\"@id\":\"https:\\\/\\\/schulz-in-bestform.com\\\/#\\\/schema\\\/logo\\\/image\\\/\"},\"sameAs\":[\"https:\\\/\\\/www.facebook.com\\\/ELC.Schulz\",\"https:\\\/\\\/www.instagram.com\\\/elcschulzgmbh\\\/\",\"https:\\\/\\\/www.linkedin.com\\\/company\\\/schulz-gebaeudetechnik\\\/\"]}]}<\/script>\n<!-- \/ Yoast SEO plugin. -->","yoast_head_json":{"title":"Photovoltaik - Schulz in Bestform","description":"Photovoltaik von Schulz \u2013 Geb\u00e4udetechnik in Bestform, dem familiengef\u00fchrten Handwerksbetrieb aus Dortmund mit dynamischer Unternehmensentwicklung.","robots":{"index":"index","follow":"follow","max-snippet":"max-snippet:-1","max-image-preview":"max-image-preview:large","max-video-preview":"max-video-preview:-1"},"canonical":"https:\/\/schulz-in-bestform.com\/en\/elektronik-erneuerbare-energie\/photovoltaik\/","og_locale":"en_US","og_type":"article","og_title":"Photovoltaik - Schulz in Bestform","og_description":"Photovoltaik von Schulz \u2013 Geb\u00e4udetechnik in Bestform, dem familiengef\u00fchrten Handwerksbetrieb aus Dortmund mit dynamischer Unternehmensentwicklung.","og_url":"https:\/\/schulz-in-bestform.com\/en\/elektronik-erneuerbare-energie\/photovoltaik\/","og_site_name":"ELC Schulz","article_publisher":"https:\/\/www.facebook.com\/ELC.Schulz","article_modified_time":"2024-11-25T12:04:10+00:00","og_image":[{"url":"https:\/\/schulz-in-bestform.com\/wp-content\/uploads\/2021\/04\/Gebaeudetechnik_in-Bestform-Schulz.svg","type":"","width":"","height":""}],"twitter_card":"summary_large_image","twitter_misc":{"Est. reading time":"2 minutes"},"schema":{"@context":"https:\/\/schema.org","@graph":[{"@type":"WebPage","@id":"https:\/\/schulz-in-bestform.com\/elektronik-erneuerbare-energie\/photovoltaik\/","url":"https:\/\/schulz-in-bestform.com\/elektronik-erneuerbare-energie\/photovoltaik\/","name":"Photovoltaik - Schulz in Bestform","isPartOf":{"@id":"https:\/\/schulz-in-bestform.com\/#website"},"primaryImageOfPage":{"@id":"https:\/\/schulz-in-bestform.com\/elektronik-erneuerbare-energie\/photovoltaik\/#primaryimage"},"image":{"@id":"https:\/\/schulz-in-bestform.com\/elektronik-erneuerbare-energie\/photovoltaik\/#primaryimage"},"thumbnailUrl":"https:\/\/schulz-in-bestform.com\/wp-content\/uploads\/2021\/04\/Gebaeudetechnik_in-Bestform-Schulz.svg","datePublished":"2021-03-10T10:18:18+00:00","dateModified":"2024-11-25T12:04:10+00:00","description":"Photovoltaik von Schulz \u2013 Geb\u00e4udetechnik in Bestform, dem familiengef\u00fchrten Handwerksbetrieb aus Dortmund mit dynamischer Unternehmensentwicklung.","breadcrumb":{"@id":"https:\/\/schulz-in-bestform.com\/elektronik-erneuerbare-energie\/photovoltaik\/#breadcrumb"},"inLanguage":"en-US","potentialAction":[{"@type":"ReadAction","target":["https:\/\/schulz-in-bestform.com\/elektronik-erneuerbare-energie\/photovoltaik\/"]}]},{"@type":"ImageObject","inLanguage":"en-US","@id":"https:\/\/schulz-in-bestform.com\/elektronik-erneuerbare-energie\/photovoltaik\/#primaryimage","url":"https:\/\/schulz-in-bestform.com\/wp-content\/uploads\/2021\/04\/Gebaeudetechnik_in-Bestform-Schulz.svg","contentUrl":"https:\/\/schulz-in-bestform.com\/wp-content\/uploads\/2021\/04\/Gebaeudetechnik_in-Bestform-Schulz.svg"},{"@type":"BreadcrumbList","@id":"https:\/\/schulz-in-bestform.com\/elektronik-erneuerbare-energie\/photovoltaik\/#breadcrumb","itemListElement":[{"@type":"ListItem","position":1,"name":"Home","item":"https:\/\/schulz-in-bestform.com\/"},{"@type":"ListItem","position":2,"name":"Elektronik &#038; Erneuerbare Energie","item":"https:\/\/schulz-in-bestform.com\/elektronik-erneuerbare-energie\/"},{"@type":"ListItem","position":3,"name":"Photovoltaik"}]},{"@type":"WebSite","@id":"https:\/\/schulz-in-bestform.com\/#website","url":"https:\/\/schulz-in-bestform.com\/","name":"ELC Schulz","description":"","publisher":{"@id":"https:\/\/schulz-in-bestform.com\/#organization"},"potentialAction":[{"@type":"SearchAction","target":{"@type":"EntryPoint","urlTemplate":"https:\/\/schulz-in-bestform.com\/?s={search_term_string}"},"query-input":{"@type":"PropertyValueSpecification","valueRequired":true,"valueName":"search_term_string"}}],"inLanguage":"en-US"},{"@type":"Organization","@id":"https:\/\/schulz-in-bestform.com\/#organization","name":"ELC Schulz","url":"https:\/\/schulz-in-bestform.com\/","logo":{"@type":"ImageObject","inLanguage":"en-US","@id":"https:\/\/schulz-in-bestform.com\/#\/schema\/logo\/image\/","url":"https:\/\/schulz-in-bestform.com\/wp-content\/uploads\/2021\/04\/Gebaeudetechnik_in_Bestform.svg","contentUrl":"https:\/\/schulz-in-bestform.com\/wp-content\/uploads\/2021\/04\/Gebaeudetechnik_in_Bestform.svg","width":211,"height":46,"caption":"ELC Schulz"},"image":{"@id":"https:\/\/schulz-in-bestform.com\/#\/schema\/logo\/image\/"},"sameAs":["https:\/\/www.facebook.com\/ELC.Schulz","https:\/\/www.instagram.com\/elcschulzgmbh\/","https:\/\/www.linkedin.com\/company\/schulz-gebaeudetechnik\/"]}]}},"_links":{"self":[{"href":"https:\/\/schulz-in-bestform.com\/en\/wp-json\/wp\/v2\/pages\/787","targetHints":{"allow":["GET"]}}],"collection":[{"href":"https:\/\/schulz-in-bestform.com\/en\/wp-json\/wp\/v2\/pages"}],"about":[{"href":"https:\/\/schulz-in-bestform.com\/en\/wp-json\/wp\/v2\/types\/page"}],"author":[{"embeddable":true,"href":"https:\/\/schulz-in-bestform.com\/en\/wp-json\/wp\/v2\/users\/2"}],"replies":[{"embeddable":true,"href":"https:\/\/schulz-in-bestform.com\/en\/wp-json\/wp\/v2\/comments?post=787"}],"version-history":[{"count":0,"href":"https:\/\/schulz-in-bestform.com\/en\/wp-json\/wp\/v2\/pages\/787\/revisions"}],"up":[{"embeddable":true,"href":"https:\/\/schulz-in-bestform.com\/en\/wp-json\/wp\/v2\/pages\/256"}],"wp:attachment":[{"href":"https:\/\/schulz-in-bestform.com\/en\/wp-json\/wp\/v2\/media?parent=787"}],"curies":[{"name":"wp","href":"https:\/\/api.w.org\/{rel}","templated":true}]}}