{"id":756,"date":"2021-03-10T09:48:43","date_gmt":"2021-03-10T09:48:43","guid":{"rendered":"https:\/\/elc.identitaetsverstaerker.koeln\/?page_id=756"},"modified":"2024-11-25T12:10:09","modified_gmt":"2024-11-25T11:10:09","slug":"elektrotechnik","status":"publish","type":"page","link":"https:\/\/schulz-in-bestform.com\/en\/elektronik-erneuerbare-energie\/elektrotechnik\/","title":{"rendered":"Electrical engineering"},"content":{"rendered":"<div data-elementor-type=\"wp-page\" data-elementor-id=\"756\" class=\"elementor elementor-756\" data-elementor-post-type=\"page\">\n\t\t\t\t\t\t<section class=\"elementor-section elementor-top-section elementor-element elementor-element-08b30c1 elementor-section-height-min-height elementor-section-stretched elementor-section-boxed elementor-section-height-default elementor-section-items-middle\" data-id=\"08b30c1\" data-element_type=\"section\" data-e-type=\"section\" data-settings=\"{&quot;stretch_section&quot;:&quot;section-stretched&quot;,&quot;background_background&quot;:&quot;classic&quot;}\">\n\t\t\t\t\t\t<div class=\"elementor-container elementor-column-gap-default\">\n\t\t\t\t\t<div class=\"elementor-column elementor-col-100 elementor-top-column elementor-element elementor-element-2a5d138\" data-id=\"2a5d138\" data-element_type=\"column\" data-e-type=\"column\">\n\t\t\t<div class=\"elementor-widget-wrap elementor-element-populated\">\n\t\t\t\t\t\t<div class=\"elementor-element elementor-element-1be4752 elementor-hidden-phone elementor-widget elementor-widget-heading\" data-id=\"1be4752\" data-element_type=\"widget\" data-e-type=\"widget\" data-widget_type=\"heading.default\">\n\t\t\t\t<div class=\"elementor-widget-container\">\n\t\t\t\t\t<h2 class=\"elementor-heading-title elementor-size-default\">Electrical engineering<\/h2>\t\t\t\t<\/div>\n\t\t\t\t<\/div>\n\t\t\t\t<div class=\"elementor-element elementor-element-1b2aff5 elementor-hidden-phone elementor-widget elementor-widget-heading\" data-id=\"1b2aff5\" data-element_type=\"widget\" data-e-type=\"widget\" data-widget_type=\"heading.default\">\n\t\t\t\t<div class=\"elementor-widget-container\">\n\t\t\t\t\t<h3 class=\"elementor-heading-title elementor-size-default\">Stay tuned!<\/h3>\t\t\t\t<\/div>\n\t\t\t\t<\/div>\n\t\t\t\t<div class=\"elementor-element elementor-element-83767ad elementor-widget elementor-widget-spacer\" data-id=\"83767ad\" data-element_type=\"widget\" data-e-type=\"widget\" data-widget_type=\"spacer.default\">\n\t\t\t\t<div class=\"elementor-widget-container\">\n\t\t\t\t\t\t\t<div class=\"elementor-spacer\">\n\t\t\t<div class=\"elementor-spacer-inner\"><\/div>\n\t\t<\/div>\n\t\t\t\t\t\t<\/div>\n\t\t\t\t<\/div>\n\t\t\t\t\t<\/div>\n\t\t<\/div>\n\t\t\t\t\t<\/div>\n\t\t<\/section>\n\t\t\t\t<section class=\"elementor-section elementor-top-section elementor-element elementor-element-4d37d88d elementor-section-boxed elementor-section-height-default elementor-section-height-default\" data-id=\"4d37d88d\" data-element_type=\"section\" data-e-type=\"section\">\n\t\t\t\t\t\t<div class=\"elementor-container elementor-column-gap-default\">\n\t\t\t\t\t<div class=\"elementor-column elementor-col-50 elementor-top-column elementor-element elementor-element-78ed47ca\" data-id=\"78ed47ca\" data-element_type=\"column\" data-e-type=\"column\">\n\t\t\t<div class=\"elementor-widget-wrap elementor-element-populated\">\n\t\t\t\t\t\t<div class=\"elementor-element elementor-element-2338b114 elementor-hidden-phone elementor-widget elementor-widget-image\" data-id=\"2338b114\" data-element_type=\"widget\" data-e-type=\"widget\" data-widget_type=\"image.default\">\n\t\t\t\t<div class=\"elementor-widget-container\">\n\t\t\t\t\t\t\t\t\t\t\t\t\t\t\t<img decoding=\"async\" src=\"https:\/\/schulz-in-bestform.com\/wp-content\/uploads\/2021\/04\/Gebaeudetechnik_in-Bestform-Schulz.svg\" title=\"Geb\u00e4udetechnik_in-Bestform-Schulz\" alt=\"Die Abbildung zeigt das Logo von Schulz - Geb\u00e4udetechnik in Bestform\" loading=\"lazy\" \/>\t\t\t\t\t\t\t\t\t\t\t\t\t\t\t<\/div>\n\t\t\t\t<\/div>\n\t\t\t\t\t<\/div>\n\t\t<\/div>\n\t\t\t\t<div class=\"elementor-column elementor-col-50 elementor-top-column elementor-element elementor-element-78964d4a\" data-id=\"78964d4a\" data-element_type=\"column\" data-e-type=\"column\">\n\t\t\t<div class=\"elementor-widget-wrap\">\n\t\t\t\t\t\t\t<\/div>\n\t\t<\/div>\n\t\t\t\t\t<\/div>\n\t\t<\/section>\n\t\t\t\t<section class=\"elementor-section elementor-top-section elementor-element elementor-element-2a3d1f9 elementor-section-stretched elementor-section-boxed elementor-section-height-default elementor-section-height-default\" data-id=\"2a3d1f9\" data-element_type=\"section\" data-e-type=\"section\" data-settings=\"{&quot;stretch_section&quot;:&quot;section-stretched&quot;}\">\n\t\t\t\t\t\t<div class=\"elementor-container elementor-column-gap-default\">\n\t\t\t\t\t<div class=\"elementor-column elementor-col-50 elementor-top-column elementor-element elementor-element-db11563\" data-id=\"db11563\" data-element_type=\"column\" data-e-type=\"column\">\n\t\t\t<div class=\"elementor-widget-wrap elementor-element-populated\">\n\t\t\t\t\t\t<div class=\"elementor-element elementor-element-fdef7d3 elementor-widget elementor-widget-heading\" data-id=\"fdef7d3\" data-element_type=\"widget\" data-e-type=\"widget\" data-widget_type=\"heading.default\">\n\t\t\t\t<div class=\"elementor-widget-container\">\n\t\t\t\t\t<h1 class=\"elementor-heading-title elementor-size-default\">A LOT of<br> electric love<\/h1>\t\t\t\t<\/div>\n\t\t\t\t<\/div>\n\t\t\t\t<div class=\"elementor-element elementor-element-e69d490 elementor-widget elementor-widget-text-editor\" data-id=\"e69d490\" data-element_type=\"widget\" data-e-type=\"widget\" data-widget_type=\"text-editor.default\">\n\t\t\t\t<div class=\"elementor-widget-container\">\n\t\t\t\t\t\t\t\t\t<p><strong>For your electrical installations<\/strong><\/p><p>We advise, plan and implement the conversion of your old electrical system to a new and more cost-effective variant - according to your wishes and ideas.<\/p><p>No matter whether new building or existing building, whether industrial hall or office building, whether 300m\u00b2 or 55,000m\u00b2. We have the right solution for every requirement and the necessary know-how in our wealth of experience. With us, you will experience true commitment... building technology at its best.<\/p>\t\t\t\t\t\t\t\t<\/div>\n\t\t\t\t<\/div>\n\t\t\t\t\t<\/div>\n\t\t<\/div>\n\t\t\t\t<div class=\"elementor-column elementor-col-50 elementor-top-column elementor-element elementor-element-62a3bb2\" data-id=\"62a3bb2\" data-element_type=\"column\" data-e-type=\"column\">\n\t\t\t<div class=\"elementor-widget-wrap elementor-element-populated\">\n\t\t\t\t\t\t<div class=\"elementor-element elementor-element-1faa7a5 elementor-widget elementor-widget-image\" data-id=\"1faa7a5\" data-element_type=\"widget\" data-e-type=\"widget\" data-widget_type=\"image.default\">\n\t\t\t\t<div class=\"elementor-widget-container\">\n\t\t\t\t\t\t\t\t\t\t\t\t\t\t\t<img fetchpriority=\"high\" decoding=\"async\" width=\"1024\" height=\"805\" src=\"https:\/\/schulz-in-bestform.com\/wp-content\/uploads\/2021\/04\/Licht-__Elektrotechnik_in-Bestform-ELC-1024x805.jpg\" class=\"attachment-large size-large wp-image-3292\" alt=\"Die Abbildung zeigt Licht- &amp; Elektrotechnik von Schulz - Geb\u00e4udetechnik in Bestform\" srcset=\"https:\/\/schulz-in-bestform.com\/wp-content\/uploads\/2021\/04\/Licht-__Elektrotechnik_in-Bestform-ELC-1024x805.jpg 1024w, https:\/\/schulz-in-bestform.com\/wp-content\/uploads\/2021\/04\/Licht-__Elektrotechnik_in-Bestform-ELC-300x236.jpg 300w, https:\/\/schulz-in-bestform.com\/wp-content\/uploads\/2021\/04\/Licht-__Elektrotechnik_in-Bestform-ELC-768x604.jpg 768w, https:\/\/schulz-in-bestform.com\/wp-content\/uploads\/2021\/04\/Licht-__Elektrotechnik_in-Bestform-ELC.jpg 1122w\" sizes=\"(max-width: 1024px) 100vw, 1024px\" \/>\t\t\t\t\t\t\t\t\t\t\t\t\t\t\t<\/div>\n\t\t\t\t<\/div>\n\t\t\t\t\t<\/div>\n\t\t<\/div>\n\t\t\t\t\t<\/div>\n\t\t<\/section>\n\t\t\t\t<section class=\"elementor-section elementor-top-section elementor-element elementor-element-8a9ac0 elementor-section-full_width elementor-section-stretched elementor-section-height-default elementor-section-height-default\" data-id=\"8a9ac0\" data-element_type=\"section\" data-e-type=\"section\" data-settings=\"{&quot;stretch_section&quot;:&quot;section-stretched&quot;,&quot;background_background&quot;:&quot;classic&quot;}\">\n\t\t\t\t\t\t<div class=\"elementor-container elementor-column-gap-default\">\n\t\t\t\t\t<div class=\"elementor-column elementor-col-100 elementor-top-column elementor-element elementor-element-4f0ae11d\" data-id=\"4f0ae11d\" data-element_type=\"column\" data-e-type=\"column\">\n\t\t\t<div class=\"elementor-widget-wrap elementor-element-populated\">\n\t\t\t\t\t\t<div class=\"elementor-element elementor-element-1c9810e4 elementor-widget elementor-widget-image\" data-id=\"1c9810e4\" data-element_type=\"widget\" data-e-type=\"widget\" data-widget_type=\"image.default\">\n\t\t\t\t<div class=\"elementor-widget-container\">\n\t\t\t\t\t\t\t\t\t\t\t\t\t\t\t<img decoding=\"async\" width=\"1024\" height=\"1024\" src=\"https:\/\/schulz-in-bestform.com\/wp-content\/uploads\/2021\/04\/Herz.svg\" class=\"attachment-large size-large wp-image-3262\" alt=\"Die Abbildung zeigt das abgewandelte Logo von Schulz in Herzform - Geb\u00e4udetechnik in Bestform\" \/>\t\t\t\t\t\t\t\t\t\t\t\t\t\t\t<\/div>\n\t\t\t\t<\/div>\n\t\t\t\t<section class=\"elementor-section elementor-inner-section elementor-element elementor-element-783c54ee elementor-section-full_width elementor-section-height-default elementor-section-height-default\" data-id=\"783c54ee\" data-element_type=\"section\" data-e-type=\"section\">\n\t\t\t\t\t\t<div class=\"elementor-container elementor-column-gap-default\">\n\t\t\t\t\t<div class=\"elementor-column elementor-col-100 elementor-inner-column elementor-element elementor-element-692b4c65\" data-id=\"692b4c65\" data-element_type=\"column\" data-e-type=\"column\">\n\t\t\t<div class=\"elementor-widget-wrap elementor-element-populated\">\n\t\t\t\t\t\t<div class=\"elementor-element elementor-element-1320cdb6 elementor-widget elementor-widget-heading\" data-id=\"1320cdb6\" data-element_type=\"widget\" data-e-type=\"widget\" data-widget_type=\"heading.default\">\n\t\t\t\t<div class=\"elementor-widget-container\">\n\t\t\t\t\t<h2 class=\"elementor-heading-title elementor-size-default\">Enlighten us\nwith your message!\n<\/h2>\t\t\t\t<\/div>\n\t\t\t\t<\/div>\n\t\t\t\t<div class=\"elementor-element elementor-element-3c5650cf elementor-align-center elementor-widget elementor-widget-button\" data-id=\"3c5650cf\" data-element_type=\"widget\" data-e-type=\"widget\" data-widget_type=\"button.default\">\n\t\t\t\t<div class=\"elementor-widget-container\">\n\t\t\t\t\t\t\t\t\t<div class=\"elementor-button-wrapper\">\n\t\t\t\t\t<a class=\"elementor-button elementor-button-link elementor-size-sm\" href=\"http:\/\/schulz-in-bestform.com\/en\/kontakt\/#Kontaktformular\">\n\t\t\t\t\t\t<span class=\"elementor-button-content-wrapper\">\n\t\t\t\t\t\t\t\t\t<span class=\"elementor-button-text\">Contact form<\/span>\n\t\t\t\t\t<\/span>\n\t\t\t\t\t<\/a>\n\t\t\t\t<\/div>\n\t\t\t\t\t\t\t\t<\/div>\n\t\t\t\t<\/div>\n\t\t\t\t\t<\/div>\n\t\t<\/div>\n\t\t\t\t\t<\/div>\n\t\t<\/section>\n\t\t\t\t\t<\/div>\n\t\t<\/div>\n\t\t\t\t\t<\/div>\n\t\t<\/section>\n\t\t\t\t<\/div>","protected":false},"excerpt":{"rendered":"<p>Elektrotechnik Bleiben Sie gespannt! Ganz viel Elektro-Liebe F\u00fcr Ihre Elektroanlagen Wir beraten, planen und setzen f\u00fcr Sie die Umr\u00fcstung Ihrer alten Elektroanlage auf eine neue und kosteng\u00fcnstigere Variante um \u2013 gem\u00e4\u00df Ihren W\u00fcnschen und Vorstellungen. Egal ob Neubau oder Bestand, ob Industriehalle oder B\u00fcrogeb\u00e4ude, ob 300m\u00b2 oder 55.000m\u00b2. Wir haben f\u00fcr jede Anforderung die passende&hellip;<\/p>","protected":false},"author":2,"featured_media":0,"parent":256,"menu_order":0,"comment_status":"closed","ping_status":"closed","template":"","meta":{"inline_featured_image":false},"class_list":["post-756","page","type-page","status-publish","hentry","description-off"],"yoast_head":"<!-- This site is optimized with the Yoast SEO plugin v27.5 - https:\/\/yoast.com\/product\/yoast-seo-wordpress\/ -->\n<title>Elektrotechnik - Schulz in Bestform<\/title>\n<meta name=\"description\" content=\"Elektrotechnik von Schulz \u2013 Geb\u00e4udetechnik in Bestform, dem familiengef\u00fchrten Handwerksbetrieb aus Dortmund mit dynamischer Unternehmensentwicklung.\" \/>\n<meta name=\"robots\" content=\"index, follow, max-snippet:-1, max-image-preview:large, max-video-preview:-1\" \/>\n<link rel=\"canonical\" href=\"https:\/\/schulz-in-bestform.com\/en\/elektronik-erneuerbare-energie\/elektrotechnik\/\" \/>\n<meta property=\"og:locale\" content=\"en_US\" \/>\n<meta property=\"og:type\" content=\"article\" \/>\n<meta property=\"og:title\" content=\"Elektrotechnik - Schulz in Bestform\" \/>\n<meta property=\"og:description\" content=\"Elektrotechnik von Schulz \u2013 Geb\u00e4udetechnik in Bestform, dem familiengef\u00fchrten Handwerksbetrieb aus Dortmund mit dynamischer Unternehmensentwicklung.\" \/>\n<meta property=\"og:url\" content=\"https:\/\/schulz-in-bestform.com\/en\/elektronik-erneuerbare-energie\/elektrotechnik\/\" \/>\n<meta property=\"og:site_name\" content=\"ELC Schulz\" \/>\n<meta property=\"article:publisher\" content=\"https:\/\/www.facebook.com\/ELC.Schulz\" \/>\n<meta property=\"article:modified_time\" content=\"2024-11-25T11:10:09+00:00\" \/>\n<meta property=\"og:image\" content=\"https:\/\/schulz-in-bestform.com\/wp-content\/uploads\/2021\/04\/Gebaeudetechnik_in-Bestform-Schulz.svg\" \/>\n<meta name=\"twitter:card\" content=\"summary_large_image\" \/>\n<meta name=\"twitter:label1\" content=\"Est. reading time\" \/>\n\t<meta name=\"twitter:data1\" content=\"2 minutes\" \/>\n<script type=\"application\/ld+json\" class=\"yoast-schema-graph\">{\"@context\":\"https:\\\/\\\/schema.org\",\"@graph\":[{\"@type\":\"WebPage\",\"@id\":\"https:\\\/\\\/schulz-in-bestform.com\\\/elektronik-erneuerbare-energie\\\/elektrotechnik\\\/\",\"url\":\"https:\\\/\\\/schulz-in-bestform.com\\\/elektronik-erneuerbare-energie\\\/elektrotechnik\\\/\",\"name\":\"Elektrotechnik - Schulz in Bestform\",\"isPartOf\":{\"@id\":\"https:\\\/\\\/schulz-in-bestform.com\\\/#website\"},\"primaryImageOfPage\":{\"@id\":\"https:\\\/\\\/schulz-in-bestform.com\\\/elektronik-erneuerbare-energie\\\/elektrotechnik\\\/#primaryimage\"},\"image\":{\"@id\":\"https:\\\/\\\/schulz-in-bestform.com\\\/elektronik-erneuerbare-energie\\\/elektrotechnik\\\/#primaryimage\"},\"thumbnailUrl\":\"https:\\\/\\\/schulz-in-bestform.com\\\/wp-content\\\/uploads\\\/2021\\\/04\\\/Gebaeudetechnik_in-Bestform-Schulz.svg\",\"datePublished\":\"2021-03-10T09:48:43+00:00\",\"dateModified\":\"2024-11-25T11:10:09+00:00\",\"description\":\"Elektrotechnik von Schulz \u2013 Geb\u00e4udetechnik in Bestform, dem familiengef\u00fchrten Handwerksbetrieb aus Dortmund mit dynamischer Unternehmensentwicklung.\",\"breadcrumb\":{\"@id\":\"https:\\\/\\\/schulz-in-bestform.com\\\/elektronik-erneuerbare-energie\\\/elektrotechnik\\\/#breadcrumb\"},\"inLanguage\":\"en-US\",\"potentialAction\":[{\"@type\":\"ReadAction\",\"target\":[\"https:\\\/\\\/schulz-in-bestform.com\\\/elektronik-erneuerbare-energie\\\/elektrotechnik\\\/\"]}]},{\"@type\":\"ImageObject\",\"inLanguage\":\"en-US\",\"@id\":\"https:\\\/\\\/schulz-in-bestform.com\\\/elektronik-erneuerbare-energie\\\/elektrotechnik\\\/#primaryimage\",\"url\":\"https:\\\/\\\/schulz-in-bestform.com\\\/wp-content\\\/uploads\\\/2021\\\/04\\\/Gebaeudetechnik_in-Bestform-Schulz.svg\",\"contentUrl\":\"https:\\\/\\\/schulz-in-bestform.com\\\/wp-content\\\/uploads\\\/2021\\\/04\\\/Gebaeudetechnik_in-Bestform-Schulz.svg\"},{\"@type\":\"BreadcrumbList\",\"@id\":\"https:\\\/\\\/schulz-in-bestform.com\\\/elektronik-erneuerbare-energie\\\/elektrotechnik\\\/#breadcrumb\",\"itemListElement\":[{\"@type\":\"ListItem\",\"position\":1,\"name\":\"Home\",\"item\":\"https:\\\/\\\/schulz-in-bestform.com\\\/\"},{\"@type\":\"ListItem\",\"position\":2,\"name\":\"Elektronik &#038; Erneuerbare Energie\",\"item\":\"https:\\\/\\\/schulz-in-bestform.com\\\/elektronik-erneuerbare-energie\\\/\"},{\"@type\":\"ListItem\",\"position\":3,\"name\":\"Elektrotechnik\"}]},{\"@type\":\"WebSite\",\"@id\":\"https:\\\/\\\/schulz-in-bestform.com\\\/#website\",\"url\":\"https:\\\/\\\/schulz-in-bestform.com\\\/\",\"name\":\"ELC Schulz\",\"description\":\"\",\"publisher\":{\"@id\":\"https:\\\/\\\/schulz-in-bestform.com\\\/#organization\"},\"potentialAction\":[{\"@type\":\"SearchAction\",\"target\":{\"@type\":\"EntryPoint\",\"urlTemplate\":\"https:\\\/\\\/schulz-in-bestform.com\\\/?s={search_term_string}\"},\"query-input\":{\"@type\":\"PropertyValueSpecification\",\"valueRequired\":true,\"valueName\":\"search_term_string\"}}],\"inLanguage\":\"en-US\"},{\"@type\":\"Organization\",\"@id\":\"https:\\\/\\\/schulz-in-bestform.com\\\/#organization\",\"name\":\"ELC Schulz\",\"url\":\"https:\\\/\\\/schulz-in-bestform.com\\\/\",\"logo\":{\"@type\":\"ImageObject\",\"inLanguage\":\"en-US\",\"@id\":\"https:\\\/\\\/schulz-in-bestform.com\\\/#\\\/schema\\\/logo\\\/image\\\/\",\"url\":\"https:\\\/\\\/schulz-in-bestform.com\\\/wp-content\\\/uploads\\\/2021\\\/04\\\/Gebaeudetechnik_in_Bestform.svg\",\"contentUrl\":\"https:\\\/\\\/schulz-in-bestform.com\\\/wp-content\\\/uploads\\\/2021\\\/04\\\/Gebaeudetechnik_in_Bestform.svg\",\"width\":211,\"height\":46,\"caption\":\"ELC Schulz\"},\"image\":{\"@id\":\"https:\\\/\\\/schulz-in-bestform.com\\\/#\\\/schema\\\/logo\\\/image\\\/\"},\"sameAs\":[\"https:\\\/\\\/www.facebook.com\\\/ELC.Schulz\",\"https:\\\/\\\/www.instagram.com\\\/elcschulzgmbh\\\/\",\"https:\\\/\\\/www.linkedin.com\\\/company\\\/schulz-gebaeudetechnik\\\/\"]}]}<\/script>\n<!-- \/ Yoast SEO plugin. -->","yoast_head_json":{"title":"Elektrotechnik - Schulz in Bestform","description":"Elektrotechnik von Schulz \u2013 Geb\u00e4udetechnik in Bestform, dem familiengef\u00fchrten Handwerksbetrieb aus Dortmund mit dynamischer Unternehmensentwicklung.","robots":{"index":"index","follow":"follow","max-snippet":"max-snippet:-1","max-image-preview":"max-image-preview:large","max-video-preview":"max-video-preview:-1"},"canonical":"https:\/\/schulz-in-bestform.com\/en\/elektronik-erneuerbare-energie\/elektrotechnik\/","og_locale":"en_US","og_type":"article","og_title":"Elektrotechnik - Schulz in Bestform","og_description":"Elektrotechnik von Schulz \u2013 Geb\u00e4udetechnik in Bestform, dem familiengef\u00fchrten Handwerksbetrieb aus Dortmund mit dynamischer Unternehmensentwicklung.","og_url":"https:\/\/schulz-in-bestform.com\/en\/elektronik-erneuerbare-energie\/elektrotechnik\/","og_site_name":"ELC Schulz","article_publisher":"https:\/\/www.facebook.com\/ELC.Schulz","article_modified_time":"2024-11-25T11:10:09+00:00","og_image":[{"url":"https:\/\/schulz-in-bestform.com\/wp-content\/uploads\/2021\/04\/Gebaeudetechnik_in-Bestform-Schulz.svg","type":"","width":"","height":""}],"twitter_card":"summary_large_image","twitter_misc":{"Est. reading time":"2 minutes"},"schema":{"@context":"https:\/\/schema.org","@graph":[{"@type":"WebPage","@id":"https:\/\/schulz-in-bestform.com\/elektronik-erneuerbare-energie\/elektrotechnik\/","url":"https:\/\/schulz-in-bestform.com\/elektronik-erneuerbare-energie\/elektrotechnik\/","name":"Elektrotechnik - Schulz in Bestform","isPartOf":{"@id":"https:\/\/schulz-in-bestform.com\/#website"},"primaryImageOfPage":{"@id":"https:\/\/schulz-in-bestform.com\/elektronik-erneuerbare-energie\/elektrotechnik\/#primaryimage"},"image":{"@id":"https:\/\/schulz-in-bestform.com\/elektronik-erneuerbare-energie\/elektrotechnik\/#primaryimage"},"thumbnailUrl":"https:\/\/schulz-in-bestform.com\/wp-content\/uploads\/2021\/04\/Gebaeudetechnik_in-Bestform-Schulz.svg","datePublished":"2021-03-10T09:48:43+00:00","dateModified":"2024-11-25T11:10:09+00:00","description":"Elektrotechnik von Schulz \u2013 Geb\u00e4udetechnik in Bestform, dem familiengef\u00fchrten Handwerksbetrieb aus Dortmund mit dynamischer Unternehmensentwicklung.","breadcrumb":{"@id":"https:\/\/schulz-in-bestform.com\/elektronik-erneuerbare-energie\/elektrotechnik\/#breadcrumb"},"inLanguage":"en-US","potentialAction":[{"@type":"ReadAction","target":["https:\/\/schulz-in-bestform.com\/elektronik-erneuerbare-energie\/elektrotechnik\/"]}]},{"@type":"ImageObject","inLanguage":"en-US","@id":"https:\/\/schulz-in-bestform.com\/elektronik-erneuerbare-energie\/elektrotechnik\/#primaryimage","url":"https:\/\/schulz-in-bestform.com\/wp-content\/uploads\/2021\/04\/Gebaeudetechnik_in-Bestform-Schulz.svg","contentUrl":"https:\/\/schulz-in-bestform.com\/wp-content\/uploads\/2021\/04\/Gebaeudetechnik_in-Bestform-Schulz.svg"},{"@type":"BreadcrumbList","@id":"https:\/\/schulz-in-bestform.com\/elektronik-erneuerbare-energie\/elektrotechnik\/#breadcrumb","itemListElement":[{"@type":"ListItem","position":1,"name":"Home","item":"https:\/\/schulz-in-bestform.com\/"},{"@type":"ListItem","position":2,"name":"Elektronik &#038; Erneuerbare Energie","item":"https:\/\/schulz-in-bestform.com\/elektronik-erneuerbare-energie\/"},{"@type":"ListItem","position":3,"name":"Elektrotechnik"}]},{"@type":"WebSite","@id":"https:\/\/schulz-in-bestform.com\/#website","url":"https:\/\/schulz-in-bestform.com\/","name":"ELC Schulz","description":"","publisher":{"@id":"https:\/\/schulz-in-bestform.com\/#organization"},"potentialAction":[{"@type":"SearchAction","target":{"@type":"EntryPoint","urlTemplate":"https:\/\/schulz-in-bestform.com\/?s={search_term_string}"},"query-input":{"@type":"PropertyValueSpecification","valueRequired":true,"valueName":"search_term_string"}}],"inLanguage":"en-US"},{"@type":"Organization","@id":"https:\/\/schulz-in-bestform.com\/#organization","name":"ELC Schulz","url":"https:\/\/schulz-in-bestform.com\/","logo":{"@type":"ImageObject","inLanguage":"en-US","@id":"https:\/\/schulz-in-bestform.com\/#\/schema\/logo\/image\/","url":"https:\/\/schulz-in-bestform.com\/wp-content\/uploads\/2021\/04\/Gebaeudetechnik_in_Bestform.svg","contentUrl":"https:\/\/schulz-in-bestform.com\/wp-content\/uploads\/2021\/04\/Gebaeudetechnik_in_Bestform.svg","width":211,"height":46,"caption":"ELC Schulz"},"image":{"@id":"https:\/\/schulz-in-bestform.com\/#\/schema\/logo\/image\/"},"sameAs":["https:\/\/www.facebook.com\/ELC.Schulz","https:\/\/www.instagram.com\/elcschulzgmbh\/","https:\/\/www.linkedin.com\/company\/schulz-gebaeudetechnik\/"]}]}},"_links":{"self":[{"href":"https:\/\/schulz-in-bestform.com\/en\/wp-json\/wp\/v2\/pages\/756","targetHints":{"allow":["GET"]}}],"collection":[{"href":"https:\/\/schulz-in-bestform.com\/en\/wp-json\/wp\/v2\/pages"}],"about":[{"href":"https:\/\/schulz-in-bestform.com\/en\/wp-json\/wp\/v2\/types\/page"}],"author":[{"embeddable":true,"href":"https:\/\/schulz-in-bestform.com\/en\/wp-json\/wp\/v2\/users\/2"}],"replies":[{"embeddable":true,"href":"https:\/\/schulz-in-bestform.com\/en\/wp-json\/wp\/v2\/comments?post=756"}],"version-history":[{"count":0,"href":"https:\/\/schulz-in-bestform.com\/en\/wp-json\/wp\/v2\/pages\/756\/revisions"}],"up":[{"embeddable":true,"href":"https:\/\/schulz-in-bestform.com\/en\/wp-json\/wp\/v2\/pages\/256"}],"wp:attachment":[{"href":"https:\/\/schulz-in-bestform.com\/en\/wp-json\/wp\/v2\/media?parent=756"}],"curies":[{"name":"wp","href":"https:\/\/api.w.org\/{rel}","templated":true}]}}